{"id":1274,"date":"2021-09-19T13:26:43","date_gmt":"2021-09-19T16:26:43","guid":{"rendered":"https:\/\/escoladefinancascwb.com.br\/staging3\/?page_id=1274"},"modified":"2022-08-24T13:20:59","modified_gmt":"2022-08-24T16:20:59","slug":"gestao-inteligente-do-seu-dinheiro","status":"publish","type":"page","link":"https:\/\/escoladefinancascwb.com.br\/staging3\/gestao-inteligente-do-seu-dinheiro\/","title":{"rendered":"Gest\u00e3o inteligente do seu dinheiro"},"content":{"rendered":"\t\t<div data-elementor-type=\"wp-page\" data-elementor-id=\"1274\" class=\"elementor elementor-1274\">\n\t\t\t\t\t\t<section class=\"elementor-section elementor-top-section elementor-element elementor-element-2209827 elementor-section-boxed elementor-section-height-default elementor-section-height-default\" data-id=\"2209827\" data-element_type=\"section\" data-settings=\"{&quot;background_background&quot;:&quot;slideshow&quot;,&quot;background_slideshow_gallery&quot;:[{&quot;id&quot;:1062,&quot;url&quot;:&quot;https:\\\/\\\/escoladefinancascwb.com.br\\\/staging3\\\/wp-content\\\/uploads\\\/2021\\\/09\\\/credito.jpg&quot;}],&quot;background_slideshow_loop&quot;:&quot;yes&quot;,&quot;background_slideshow_slide_duration&quot;:5000,&quot;background_slideshow_slide_transition&quot;:&quot;fade&quot;,&quot;background_slideshow_transition_duration&quot;:500}\">\n\t\t\t\t\t\t<div class=\"elementor-container elementor-column-gap-default\">\n\t\t\t\t\t<div class=\"elementor-column elementor-col-100 elementor-top-column elementor-element elementor-element-a7495d8\" data-id=\"a7495d8\" data-element_type=\"column\">\n\t\t\t<div class=\"elementor-widget-wrap elementor-element-populated\">\n\t\t\t\t\t\t<section class=\"elementor-section elementor-inner-section elementor-element elementor-element-11d8712 elementor-section-boxed elementor-section-height-default elementor-section-height-default\" data-id=\"11d8712\" data-element_type=\"section\">\n\t\t\t\t\t\t<div class=\"elementor-container elementor-column-gap-default\">\n\t\t\t\t\t<div class=\"elementor-column elementor-col-100 elementor-inner-column elementor-element elementor-element-b617520\" data-id=\"b617520\" data-element_type=\"column\">\n\t\t\t<div class=\"elementor-widget-wrap elementor-element-populated\">\n\t\t\t\t\t\t<div class=\"elementor-element elementor-element-a6a478d elementor-widget elementor-widget-text-editor\" data-id=\"a6a478d\" data-element_type=\"widget\" data-widget_type=\"text-editor.default\">\n\t\t\t\t<div class=\"elementor-widget-container\">\n\t\t\t\t\t\t\t\t\t<h3><span style=\"color: #000000;\">Gest\u00e3o inteligente do seu dinheiro: aprendendo a poupar e investir melhor.<\/span><\/h3><p><span style=\"color: #000000;\">Voc\u00ea ir\u00e1 descobrir como:<\/span><\/p><p><span style=\"color: #000000;\">1 \u2013 Organizar suas finan\u00e7as<\/span><\/p><p><span style=\"color: #000000;\">2 \u2013 Mudar sua vis\u00e3o sobre o dinheiro em sua vida<\/span><\/p><p><span style=\"color: #000000;\">3 &#8211; Entender a\u00a0import\u00e2ncia das emo\u00e7\u00f5es nas nossas decis\u00f5es<\/span><\/p><p><span style=\"color: #000000;\">4 &#8211;\u00a0Entenda a din\u00e2mica do mercado financeiro e por onde eu come\u00e7ar<\/span><\/p><p><span style=\"color: #000000;\">5 \u2013 Fazer o seu patrim\u00f4nio crescer e a qualidade de vida melhorar<\/span><\/p><p><span style=\"color: #000000;\">6 &#8211; Descobrir o seu perfil de investidor<\/span><\/p><p><span style=\"color: #000000;\">7 \u2013 Conhecer os melhores investimentos e planejar sua aposentadoria<\/span><\/p><p><span style=\"color: #000000;\">8 \u2013 Planejar a conquista da sua liberdade financeira<\/span><\/p><p><span style=\"color: #000000;\">Curso Presencial em CURITIBA<\/span><\/p><p><span style=\"color: #000000;\">Carga Horaria Total: 3 horas<\/span><\/p><p><span style=\"color: #000000;\">Curso ser\u00e1 realizado <strong>\u00a0Quartas (17h00 as 20h00) ou sabados (09h00 as 12h00)<\/strong><\/span><\/p><p>\u00a0<\/p><p><span style=\"color: #000000;\">Valor do Investimento: De <del>R$575,00<\/del><\/span><\/p><h2><span style=\"color: #000000;\">por <strong>10x R$31,90\u00a0 <\/strong><\/span><\/h2><h4><strong><span style=\"color: #000000;\">ou R$279,00 (PIX)<\/span><\/strong><\/h4><hr \/><p>\u00a0<\/p>\t\t\t\t\t\t\t\t<\/div>\n\t\t\t\t<\/div>\n\t\t\t\t\t<\/div>\n\t\t<\/div>\n\t\t\t\t\t<\/div>\n\t\t<\/section>\n\t\t\t\t\t<\/div>\n\t\t<\/div>\n\t\t\t\t\t<\/div>\n\t\t<\/section>\n\t\t\t\t<\/div>\n\t\t","protected":false},"excerpt":{"rendered":"<p>Gest\u00e3o inteligente do seu dinheiro: aprendendo a poupar e investir melhor. Voc\u00ea ir\u00e1 descobrir como: 1 \u2013 Organizar suas finan\u00e7as 2 \u2013 Mudar sua vis\u00e3o sobre o dinheiro em sua vida 3 &#8211; Entender a\u00a0import\u00e2ncia das emo\u00e7\u00f5es nas nossas decis\u00f5es 4 &#8211;\u00a0Entenda a din\u00e2mica do mercado financeiro e por onde eu come\u00e7ar 5 \u2013 Fazer&hellip; <br \/> <a class=\"read-more\" href=\"https:\/\/escoladefinancascwb.com.br\/staging3\/gestao-inteligente-do-seu-dinheiro\/\">Read more<\/a><\/p>\n","protected":false},"author":1,"featured_media":0,"parent":0,"menu_order":0,"comment_status":"closed","ping_status":"closed","template":"","meta":{"_joinchat":[],"footnotes":""},"class_list":["post-1274","page","type-page","status-publish","hentry"],"yoast_head":"<!-- This site is optimized with the Yoast SEO plugin v27.2 - https:\/\/yoast.com\/product\/yoast-seo-wordpress\/ -->\n<title>Gest\u00e3o inteligente do seu dinheiro - Escola de Finan\u00e7as CWB<\/title>\n<meta name=\"description\" content=\"Gest\u00e3o inteligente do seu dinheiro, aprendendo a investir melhor. Curso presencial.\" \/>\n<meta name=\"robots\" content=\"index, follow, max-snippet:-1, max-image-preview:large, max-video-preview:-1\" \/>\n<link rel=\"canonical\" href=\"https:\/\/escoladefinancascwb.com.br\/staging3\/gestao-inteligente-do-seu-dinheiro\/\" \/>\n<meta property=\"og:locale\" content=\"pt_PT\" \/>\n<meta property=\"og:type\" content=\"article\" \/>\n<meta property=\"og:title\" content=\"Gest\u00e3o inteligente do seu dinheiro - Escola de Finan\u00e7as CWB\" \/>\n<meta property=\"og:description\" content=\"Gest\u00e3o inteligente do seu dinheiro, aprendendo a investir melhor. Curso presencial.\" \/>\n<meta property=\"og:url\" content=\"https:\/\/escoladefinancascwb.com.br\/staging3\/gestao-inteligente-do-seu-dinheiro\/\" \/>\n<meta property=\"og:site_name\" content=\"Escola de Finan\u00e7as CWB\" \/>\n<meta property=\"article:modified_time\" content=\"2022-08-24T16:20:59+00:00\" \/>\n<meta name=\"twitter:card\" content=\"summary_large_image\" \/>\n<meta name=\"twitter:label1\" content=\"Tempo estimado de leitura\" \/>\n\t<meta name=\"twitter:data1\" content=\"1 minuto\" \/>\n<script type=\"application\/ld+json\" class=\"yoast-schema-graph\">{\"@context\":\"https:\/\/schema.org\",\"@graph\":[{\"@type\":\"WebPage\",\"@id\":\"https:\/\/escoladefinancascwb.com.br\/staging3\/gestao-inteligente-do-seu-dinheiro\/\",\"url\":\"https:\/\/escoladefinancascwb.com.br\/staging3\/gestao-inteligente-do-seu-dinheiro\/\",\"name\":\"Gest\u00e3o inteligente do seu dinheiro - Escola de Finan\u00e7as CWB\",\"isPartOf\":{\"@id\":\"https:\/\/escoladefinancascwb.com.br\/staging3\/#website\"},\"datePublished\":\"2021-09-19T16:26:43+00:00\",\"dateModified\":\"2022-08-24T16:20:59+00:00\",\"description\":\"Gest\u00e3o inteligente do seu dinheiro, aprendendo a investir melhor. Curso presencial.\",\"breadcrumb\":{\"@id\":\"https:\/\/escoladefinancascwb.com.br\/staging3\/gestao-inteligente-do-seu-dinheiro\/#breadcrumb\"},\"inLanguage\":\"pt-PT\",\"potentialAction\":[{\"@type\":\"ReadAction\",\"target\":[\"https:\/\/escoladefinancascwb.com.br\/staging3\/gestao-inteligente-do-seu-dinheiro\/\"]}]},{\"@type\":\"BreadcrumbList\",\"@id\":\"https:\/\/escoladefinancascwb.com.br\/staging3\/gestao-inteligente-do-seu-dinheiro\/#breadcrumb\",\"itemListElement\":[{\"@type\":\"ListItem\",\"position\":1,\"name\":\"In\u00edcio\",\"item\":\"https:\/\/escoladefinancascwb.com.br\/staging3\/\"},{\"@type\":\"ListItem\",\"position\":2,\"name\":\"Gest\u00e3o inteligente do seu dinheiro\"}]},{\"@type\":\"WebSite\",\"@id\":\"https:\/\/escoladefinancascwb.com.br\/staging3\/#website\",\"url\":\"https:\/\/escoladefinancascwb.com.br\/staging3\/\",\"name\":\"Escola de Finan\u00e7as CWB\",\"description\":\"Cursos sobre finan\u00e7as pessoais e investimentos.\",\"publisher\":{\"@id\":\"https:\/\/escoladefinancascwb.com.br\/staging3\/#organization\"},\"potentialAction\":[{\"@type\":\"SearchAction\",\"target\":{\"@type\":\"EntryPoint\",\"urlTemplate\":\"https:\/\/escoladefinancascwb.com.br\/staging3\/?s={search_term_string}\"},\"query-input\":{\"@type\":\"PropertyValueSpecification\",\"valueRequired\":true,\"valueName\":\"search_term_string\"}}],\"inLanguage\":\"pt-PT\"},{\"@type\":\"Organization\",\"@id\":\"https:\/\/escoladefinancascwb.com.br\/staging3\/#organization\",\"name\":\"Escola de Finan\u00e7as CWB\",\"url\":\"https:\/\/escoladefinancascwb.com.br\/staging3\/\",\"logo\":{\"@type\":\"ImageObject\",\"inLanguage\":\"pt-PT\",\"@id\":\"https:\/\/escoladefinancascwb.com.br\/staging3\/#\/schema\/logo\/image\/\",\"url\":\"https:\/\/escoladefinancascwb.com.br\/staging3\/wp-content\/uploads\/2021\/09\/cropped-Parte-Redonda-2.png\",\"contentUrl\":\"https:\/\/escoladefinancascwb.com.br\/staging3\/wp-content\/uploads\/2021\/09\/cropped-Parte-Redonda-2.png\",\"width\":669,\"height\":478,\"caption\":\"Escola de Finan\u00e7as CWB\"},\"image\":{\"@id\":\"https:\/\/escoladefinancascwb.com.br\/staging3\/#\/schema\/logo\/image\/\"}}]}<\/script>\n<!-- \/ Yoast SEO plugin. -->","yoast_head_json":{"title":"Gest\u00e3o inteligente do seu dinheiro - Escola de Finan\u00e7as CWB","description":"Gest\u00e3o inteligente do seu dinheiro, aprendendo a investir melhor. Curso presencial.","robots":{"index":"index","follow":"follow","max-snippet":"max-snippet:-1","max-image-preview":"max-image-preview:large","max-video-preview":"max-video-preview:-1"},"canonical":"https:\/\/escoladefinancascwb.com.br\/staging3\/gestao-inteligente-do-seu-dinheiro\/","og_locale":"pt_PT","og_type":"article","og_title":"Gest\u00e3o inteligente do seu dinheiro - Escola de Finan\u00e7as CWB","og_description":"Gest\u00e3o inteligente do seu dinheiro, aprendendo a investir melhor. Curso presencial.","og_url":"https:\/\/escoladefinancascwb.com.br\/staging3\/gestao-inteligente-do-seu-dinheiro\/","og_site_name":"Escola de Finan\u00e7as CWB","article_modified_time":"2022-08-24T16:20:59+00:00","twitter_card":"summary_large_image","twitter_misc":{"Tempo estimado de leitura":"1 minuto"},"schema":{"@context":"https:\/\/schema.org","@graph":[{"@type":"WebPage","@id":"https:\/\/escoladefinancascwb.com.br\/staging3\/gestao-inteligente-do-seu-dinheiro\/","url":"https:\/\/escoladefinancascwb.com.br\/staging3\/gestao-inteligente-do-seu-dinheiro\/","name":"Gest\u00e3o inteligente do seu dinheiro - Escola de Finan\u00e7as CWB","isPartOf":{"@id":"https:\/\/escoladefinancascwb.com.br\/staging3\/#website"},"datePublished":"2021-09-19T16:26:43+00:00","dateModified":"2022-08-24T16:20:59+00:00","description":"Gest\u00e3o inteligente do seu dinheiro, aprendendo a investir melhor. Curso presencial.","breadcrumb":{"@id":"https:\/\/escoladefinancascwb.com.br\/staging3\/gestao-inteligente-do-seu-dinheiro\/#breadcrumb"},"inLanguage":"pt-PT","potentialAction":[{"@type":"ReadAction","target":["https:\/\/escoladefinancascwb.com.br\/staging3\/gestao-inteligente-do-seu-dinheiro\/"]}]},{"@type":"BreadcrumbList","@id":"https:\/\/escoladefinancascwb.com.br\/staging3\/gestao-inteligente-do-seu-dinheiro\/#breadcrumb","itemListElement":[{"@type":"ListItem","position":1,"name":"In\u00edcio","item":"https:\/\/escoladefinancascwb.com.br\/staging3\/"},{"@type":"ListItem","position":2,"name":"Gest\u00e3o inteligente do seu dinheiro"}]},{"@type":"WebSite","@id":"https:\/\/escoladefinancascwb.com.br\/staging3\/#website","url":"https:\/\/escoladefinancascwb.com.br\/staging3\/","name":"Escola de Finan\u00e7as CWB","description":"Cursos sobre finan\u00e7as pessoais e investimentos.","publisher":{"@id":"https:\/\/escoladefinancascwb.com.br\/staging3\/#organization"},"potentialAction":[{"@type":"SearchAction","target":{"@type":"EntryPoint","urlTemplate":"https:\/\/escoladefinancascwb.com.br\/staging3\/?s={search_term_string}"},"query-input":{"@type":"PropertyValueSpecification","valueRequired":true,"valueName":"search_term_string"}}],"inLanguage":"pt-PT"},{"@type":"Organization","@id":"https:\/\/escoladefinancascwb.com.br\/staging3\/#organization","name":"Escola de Finan\u00e7as CWB","url":"https:\/\/escoladefinancascwb.com.br\/staging3\/","logo":{"@type":"ImageObject","inLanguage":"pt-PT","@id":"https:\/\/escoladefinancascwb.com.br\/staging3\/#\/schema\/logo\/image\/","url":"https:\/\/escoladefinancascwb.com.br\/staging3\/wp-content\/uploads\/2021\/09\/cropped-Parte-Redonda-2.png","contentUrl":"https:\/\/escoladefinancascwb.com.br\/staging3\/wp-content\/uploads\/2021\/09\/cropped-Parte-Redonda-2.png","width":669,"height":478,"caption":"Escola de Finan\u00e7as CWB"},"image":{"@id":"https:\/\/escoladefinancascwb.com.br\/staging3\/#\/schema\/logo\/image\/"}}]}},"_links":{"self":[{"href":"https:\/\/escoladefinancascwb.com.br\/staging3\/wp-json\/wp\/v2\/pages\/1274","targetHints":{"allow":["GET"]}}],"collection":[{"href":"https:\/\/escoladefinancascwb.com.br\/staging3\/wp-json\/wp\/v2\/pages"}],"about":[{"href":"https:\/\/escoladefinancascwb.com.br\/staging3\/wp-json\/wp\/v2\/types\/page"}],"author":[{"embeddable":true,"href":"https:\/\/escoladefinancascwb.com.br\/staging3\/wp-json\/wp\/v2\/users\/1"}],"replies":[{"embeddable":true,"href":"https:\/\/escoladefinancascwb.com.br\/staging3\/wp-json\/wp\/v2\/comments?post=1274"}],"version-history":[{"count":41,"href":"https:\/\/escoladefinancascwb.com.br\/staging3\/wp-json\/wp\/v2\/pages\/1274\/revisions"}],"predecessor-version":[{"id":2131,"href":"https:\/\/escoladefinancascwb.com.br\/staging3\/wp-json\/wp\/v2\/pages\/1274\/revisions\/2131"}],"wp:attachment":[{"href":"https:\/\/escoladefinancascwb.com.br\/staging3\/wp-json\/wp\/v2\/media?parent=1274"}],"curies":[{"name":"wp","href":"https:\/\/api.w.org\/{rel}","templated":true}]}}