{"id":1396,"date":"2021-09-24T10:37:37","date_gmt":"2021-09-24T13:37:37","guid":{"rendered":"https:\/\/escoladefinancascwb.com.br\/staging3\/?page_id=1396"},"modified":"2022-02-04T10:58:13","modified_gmt":"2022-02-04T13:58:13","slug":"bolsa-de-valores","status":"publish","type":"page","link":"https:\/\/escoladefinancascwb.com.br\/staging3\/bolsa-de-valores\/","title":{"rendered":"Introdu\u00e7\u00e3o a Bolsa de Valores"},"content":{"rendered":"\t\t<div data-elementor-type=\"wp-page\" data-elementor-id=\"1396\" class=\"elementor elementor-1396\">\n\t\t\t\t\t\t<section class=\"elementor-section elementor-top-section elementor-element elementor-element-15b6023 elementor-section-boxed elementor-section-height-default elementor-section-height-default\" data-id=\"15b6023\" data-element_type=\"section\" data-settings=\"{&quot;background_background&quot;:&quot;slideshow&quot;,&quot;background_slideshow_gallery&quot;:[{&quot;id&quot;:872,&quot;url&quot;:&quot;https:\\\/\\\/escoladefinancascwb.com.br\\\/staging3\\\/wp-content\\\/uploads\\\/2019\\\/06\\\/42-IMG_7009-Large.jpg&quot;}],&quot;background_slideshow_loop&quot;:&quot;yes&quot;,&quot;background_slideshow_slide_duration&quot;:5000,&quot;background_slideshow_slide_transition&quot;:&quot;fade&quot;,&quot;background_slideshow_transition_duration&quot;:500}\">\n\t\t\t\t\t\t<div class=\"elementor-container elementor-column-gap-default\">\n\t\t\t\t\t<div class=\"elementor-column elementor-col-50 elementor-top-column elementor-element elementor-element-bbe7563\" data-id=\"bbe7563\" data-element_type=\"column\" data-settings=\"{&quot;background_background&quot;:&quot;classic&quot;}\">\n\t\t\t<div class=\"elementor-widget-wrap elementor-element-populated\">\n\t\t\t\t\t\t<div class=\"elementor-element elementor-element-f36f5b0 elementor-widget elementor-widget-text-editor\" data-id=\"f36f5b0\" data-element_type=\"widget\" data-widget_type=\"text-editor.default\">\n\t\t\t\t<div class=\"elementor-widget-container\">\n\t\t\t\t\t\t\t\t\t<ul><li><strong><span style=\"color: #000000;\">O que \u00e9 a bolsa de valores<\/span><\/strong><\/li><li><strong><span style=\"color: #000000;\">O que \u00e9 uma a\u00e7\u00e3o<\/span><\/strong><\/li><li><strong><span style=\"color: #000000;\">Tipos de a\u00e7\u00f5es<\/span><\/strong><\/li><li><strong><span style=\"color: #000000;\">Escolhendo uma corretora<\/span><\/strong><\/li><li><strong><span style=\"color: #000000;\">Acessando o Home Broker<\/span><\/strong><\/li><li><strong><span style=\"color: #000000;\">Tipos de Ordens<\/span><\/strong><\/li><li><strong><span style=\"color: #000000;\">Inserindo uma ordem<\/span><\/strong><\/li><li><strong><span style=\"color: #000000;\">Nota de corretagem<\/span><\/strong><\/li><li><strong><span style=\"color: #000000;\">Tributa\u00e7\u00e3o<\/span><\/strong><\/li><li><strong><span style=\"color: #000000;\">Psicologia de mercado<\/span><\/strong><\/li><li><strong><span style=\"color: #000000;\">Estrat\u00e9gia de investimentos<\/span><\/strong><\/li><li><strong><span style=\"color: #000000;\">Composi\u00e7\u00e3o da carteira<\/span><\/strong><\/li><li><strong><span style=\"color: #000000;\">Como analisar uma a\u00e7\u00e3o<\/span><\/strong><\/li><li><strong><span style=\"color: #000000;\">Como investir no Exterior<\/span><\/strong><\/li><li><strong><span style=\"color: #000000;\">Dividendos<\/span><\/strong><\/li><\/ul><p><strong><span style=\"color: #000000;\">N\u00cdVEL INICIANTE<\/span><\/strong><\/p><p align=\"center\"><span style=\"color: #000000;\">Curso presencial em\u00a0<strong>CURITIBA<\/strong><\/span><\/p><p align=\"center\"><span style=\"color: #000000;\"><b style=\"color: #000000;\">Segundas (18h00 as 21h00) ou <\/b><span style=\"color: #000000;\"><b>S\u00e1bados<\/b><\/span><b style=\"color: #000000;\"> (09h00 as 12h00)<\/b><\/span><\/p><p align=\"center\"><span style=\"color: #000000;\">Valor do Investimento: de\u00a0<del>R$550,00<\/del>, por<\/span><\/p><h3 align=\"center\"><span style=\"color: #000000;\">por\u00a0<strong>\u00a010 x R$ 29,70<\/strong><\/span><\/h3><p align=\"center\"><span style=\"color: #000000;\"><strong>ou R$297,00.<\/strong><\/span><\/p>\t\t\t\t\t\t\t\t<\/div>\n\t\t\t\t<\/div>\n\t\t\t\t\t<\/div>\n\t\t<\/div>\n\t\t\t\t<div class=\"elementor-column elementor-col-50 elementor-top-column elementor-element elementor-element-36dedd5\" data-id=\"36dedd5\" data-element_type=\"column\">\n\t\t\t<div class=\"elementor-widget-wrap\">\n\t\t\t\t\t\t\t<\/div>\n\t\t<\/div>\n\t\t\t\t\t<\/div>\n\t\t<\/section>\n\t\t\t\t<\/div>\n\t\t","protected":false},"excerpt":{"rendered":"<p>O que \u00e9 a bolsa de valores O que \u00e9 uma a\u00e7\u00e3o Tipos de a\u00e7\u00f5es Escolhendo uma corretora Acessando o Home Broker Tipos de Ordens Inserindo uma ordem Nota de corretagem Tributa\u00e7\u00e3o Psicologia de mercado Estrat\u00e9gia de investimentos Composi\u00e7\u00e3o da carteira Como analisar uma a\u00e7\u00e3o Como investir no Exterior Dividendos N\u00cdVEL INICIANTE Curso presencial em\u00a0CURITIBA&hellip; <br \/> <a class=\"read-more\" href=\"https:\/\/escoladefinancascwb.com.br\/staging3\/bolsa-de-valores\/\">Read more<\/a><\/p>\n","protected":false},"author":1,"featured_media":0,"parent":0,"menu_order":0,"comment_status":"closed","ping_status":"closed","template":"","meta":{"_joinchat":[],"footnotes":""},"class_list":["post-1396","page","type-page","status-publish","hentry"],"yoast_head":"<!-- This site is optimized with the Yoast SEO plugin v27.2 - https:\/\/yoast.com\/product\/yoast-seo-wordpress\/ -->\n<title>Introdu\u00e7\u00e3o a Bolsa de Valores - Escola de Finan\u00e7as CWB<\/title>\n<meta name=\"robots\" content=\"index, follow, max-snippet:-1, max-image-preview:large, max-video-preview:-1\" \/>\n<link rel=\"canonical\" href=\"https:\/\/escoladefinancascwb.com.br\/staging3\/bolsa-de-valores\/\" \/>\n<meta property=\"og:locale\" content=\"pt_PT\" \/>\n<meta property=\"og:type\" content=\"article\" \/>\n<meta property=\"og:title\" content=\"Introdu\u00e7\u00e3o a Bolsa de Valores - Escola de Finan\u00e7as CWB\" \/>\n<meta property=\"og:description\" content=\"O que \u00e9 a bolsa de valores O que \u00e9 uma a\u00e7\u00e3o Tipos de a\u00e7\u00f5es Escolhendo uma corretora Acessando o Home Broker Tipos de Ordens Inserindo uma ordem Nota de corretagem Tributa\u00e7\u00e3o Psicologia de mercado Estrat\u00e9gia de investimentos Composi\u00e7\u00e3o da carteira Como analisar uma a\u00e7\u00e3o Como investir no Exterior Dividendos N\u00cdVEL INICIANTE Curso presencial em\u00a0CURITIBA&hellip; Read more\" \/>\n<meta property=\"og:url\" content=\"https:\/\/escoladefinancascwb.com.br\/staging3\/bolsa-de-valores\/\" \/>\n<meta property=\"og:site_name\" content=\"Escola de Finan\u00e7as CWB\" \/>\n<meta property=\"article:modified_time\" content=\"2022-02-04T13:58:13+00:00\" \/>\n<meta name=\"twitter:card\" content=\"summary_large_image\" \/>\n<meta name=\"twitter:label1\" content=\"Tempo estimado de leitura\" \/>\n\t<meta name=\"twitter:data1\" content=\"1 minuto\" \/>\n<script type=\"application\/ld+json\" class=\"yoast-schema-graph\">{\"@context\":\"https:\/\/schema.org\",\"@graph\":[{\"@type\":\"WebPage\",\"@id\":\"https:\/\/escoladefinancascwb.com.br\/staging3\/bolsa-de-valores\/\",\"url\":\"https:\/\/escoladefinancascwb.com.br\/staging3\/bolsa-de-valores\/\",\"name\":\"Introdu\u00e7\u00e3o a Bolsa de Valores - Escola de Finan\u00e7as CWB\",\"isPartOf\":{\"@id\":\"https:\/\/escoladefinancascwb.com.br\/staging3\/#website\"},\"datePublished\":\"2021-09-24T13:37:37+00:00\",\"dateModified\":\"2022-02-04T13:58:13+00:00\",\"breadcrumb\":{\"@id\":\"https:\/\/escoladefinancascwb.com.br\/staging3\/bolsa-de-valores\/#breadcrumb\"},\"inLanguage\":\"pt-PT\",\"potentialAction\":[{\"@type\":\"ReadAction\",\"target\":[\"https:\/\/escoladefinancascwb.com.br\/staging3\/bolsa-de-valores\/\"]}]},{\"@type\":\"BreadcrumbList\",\"@id\":\"https:\/\/escoladefinancascwb.com.br\/staging3\/bolsa-de-valores\/#breadcrumb\",\"itemListElement\":[{\"@type\":\"ListItem\",\"position\":1,\"name\":\"In\u00edcio\",\"item\":\"https:\/\/escoladefinancascwb.com.br\/staging3\/\"},{\"@type\":\"ListItem\",\"position\":2,\"name\":\"Introdu\u00e7\u00e3o a Bolsa de Valores\"}]},{\"@type\":\"WebSite\",\"@id\":\"https:\/\/escoladefinancascwb.com.br\/staging3\/#website\",\"url\":\"https:\/\/escoladefinancascwb.com.br\/staging3\/\",\"name\":\"Escola de Finan\u00e7as CWB\",\"description\":\"Cursos sobre finan\u00e7as pessoais e investimentos.\",\"publisher\":{\"@id\":\"https:\/\/escoladefinancascwb.com.br\/staging3\/#organization\"},\"potentialAction\":[{\"@type\":\"SearchAction\",\"target\":{\"@type\":\"EntryPoint\",\"urlTemplate\":\"https:\/\/escoladefinancascwb.com.br\/staging3\/?s={search_term_string}\"},\"query-input\":{\"@type\":\"PropertyValueSpecification\",\"valueRequired\":true,\"valueName\":\"search_term_string\"}}],\"inLanguage\":\"pt-PT\"},{\"@type\":\"Organization\",\"@id\":\"https:\/\/escoladefinancascwb.com.br\/staging3\/#organization\",\"name\":\"Escola de Finan\u00e7as CWB\",\"url\":\"https:\/\/escoladefinancascwb.com.br\/staging3\/\",\"logo\":{\"@type\":\"ImageObject\",\"inLanguage\":\"pt-PT\",\"@id\":\"https:\/\/escoladefinancascwb.com.br\/staging3\/#\/schema\/logo\/image\/\",\"url\":\"https:\/\/escoladefinancascwb.com.br\/staging3\/wp-content\/uploads\/2021\/09\/cropped-Parte-Redonda-2.png\",\"contentUrl\":\"https:\/\/escoladefinancascwb.com.br\/staging3\/wp-content\/uploads\/2021\/09\/cropped-Parte-Redonda-2.png\",\"width\":669,\"height\":478,\"caption\":\"Escola de Finan\u00e7as CWB\"},\"image\":{\"@id\":\"https:\/\/escoladefinancascwb.com.br\/staging3\/#\/schema\/logo\/image\/\"}}]}<\/script>\n<!-- \/ Yoast SEO plugin. -->","yoast_head_json":{"title":"Introdu\u00e7\u00e3o a Bolsa de Valores - Escola de Finan\u00e7as CWB","robots":{"index":"index","follow":"follow","max-snippet":"max-snippet:-1","max-image-preview":"max-image-preview:large","max-video-preview":"max-video-preview:-1"},"canonical":"https:\/\/escoladefinancascwb.com.br\/staging3\/bolsa-de-valores\/","og_locale":"pt_PT","og_type":"article","og_title":"Introdu\u00e7\u00e3o a Bolsa de Valores - Escola de Finan\u00e7as CWB","og_description":"O que \u00e9 a bolsa de valores O que \u00e9 uma a\u00e7\u00e3o Tipos de a\u00e7\u00f5es Escolhendo uma corretora Acessando o Home Broker Tipos de Ordens Inserindo uma ordem Nota de corretagem Tributa\u00e7\u00e3o Psicologia de mercado Estrat\u00e9gia de investimentos Composi\u00e7\u00e3o da carteira Como analisar uma a\u00e7\u00e3o Como investir no Exterior Dividendos N\u00cdVEL INICIANTE Curso presencial em\u00a0CURITIBA&hellip; Read more","og_url":"https:\/\/escoladefinancascwb.com.br\/staging3\/bolsa-de-valores\/","og_site_name":"Escola de Finan\u00e7as CWB","article_modified_time":"2022-02-04T13:58:13+00:00","twitter_card":"summary_large_image","twitter_misc":{"Tempo estimado de leitura":"1 minuto"},"schema":{"@context":"https:\/\/schema.org","@graph":[{"@type":"WebPage","@id":"https:\/\/escoladefinancascwb.com.br\/staging3\/bolsa-de-valores\/","url":"https:\/\/escoladefinancascwb.com.br\/staging3\/bolsa-de-valores\/","name":"Introdu\u00e7\u00e3o a Bolsa de Valores - Escola de Finan\u00e7as CWB","isPartOf":{"@id":"https:\/\/escoladefinancascwb.com.br\/staging3\/#website"},"datePublished":"2021-09-24T13:37:37+00:00","dateModified":"2022-02-04T13:58:13+00:00","breadcrumb":{"@id":"https:\/\/escoladefinancascwb.com.br\/staging3\/bolsa-de-valores\/#breadcrumb"},"inLanguage":"pt-PT","potentialAction":[{"@type":"ReadAction","target":["https:\/\/escoladefinancascwb.com.br\/staging3\/bolsa-de-valores\/"]}]},{"@type":"BreadcrumbList","@id":"https:\/\/escoladefinancascwb.com.br\/staging3\/bolsa-de-valores\/#breadcrumb","itemListElement":[{"@type":"ListItem","position":1,"name":"In\u00edcio","item":"https:\/\/escoladefinancascwb.com.br\/staging3\/"},{"@type":"ListItem","position":2,"name":"Introdu\u00e7\u00e3o a Bolsa de Valores"}]},{"@type":"WebSite","@id":"https:\/\/escoladefinancascwb.com.br\/staging3\/#website","url":"https:\/\/escoladefinancascwb.com.br\/staging3\/","name":"Escola de Finan\u00e7as CWB","description":"Cursos sobre finan\u00e7as pessoais e investimentos.","publisher":{"@id":"https:\/\/escoladefinancascwb.com.br\/staging3\/#organization"},"potentialAction":[{"@type":"SearchAction","target":{"@type":"EntryPoint","urlTemplate":"https:\/\/escoladefinancascwb.com.br\/staging3\/?s={search_term_string}"},"query-input":{"@type":"PropertyValueSpecification","valueRequired":true,"valueName":"search_term_string"}}],"inLanguage":"pt-PT"},{"@type":"Organization","@id":"https:\/\/escoladefinancascwb.com.br\/staging3\/#organization","name":"Escola de Finan\u00e7as CWB","url":"https:\/\/escoladefinancascwb.com.br\/staging3\/","logo":{"@type":"ImageObject","inLanguage":"pt-PT","@id":"https:\/\/escoladefinancascwb.com.br\/staging3\/#\/schema\/logo\/image\/","url":"https:\/\/escoladefinancascwb.com.br\/staging3\/wp-content\/uploads\/2021\/09\/cropped-Parte-Redonda-2.png","contentUrl":"https:\/\/escoladefinancascwb.com.br\/staging3\/wp-content\/uploads\/2021\/09\/cropped-Parte-Redonda-2.png","width":669,"height":478,"caption":"Escola de Finan\u00e7as CWB"},"image":{"@id":"https:\/\/escoladefinancascwb.com.br\/staging3\/#\/schema\/logo\/image\/"}}]}},"_links":{"self":[{"href":"https:\/\/escoladefinancascwb.com.br\/staging3\/wp-json\/wp\/v2\/pages\/1396","targetHints":{"allow":["GET"]}}],"collection":[{"href":"https:\/\/escoladefinancascwb.com.br\/staging3\/wp-json\/wp\/v2\/pages"}],"about":[{"href":"https:\/\/escoladefinancascwb.com.br\/staging3\/wp-json\/wp\/v2\/types\/page"}],"author":[{"embeddable":true,"href":"https:\/\/escoladefinancascwb.com.br\/staging3\/wp-json\/wp\/v2\/users\/1"}],"replies":[{"embeddable":true,"href":"https:\/\/escoladefinancascwb.com.br\/staging3\/wp-json\/wp\/v2\/comments?post=1396"}],"version-history":[{"count":14,"href":"https:\/\/escoladefinancascwb.com.br\/staging3\/wp-json\/wp\/v2\/pages\/1396\/revisions"}],"predecessor-version":[{"id":1574,"href":"https:\/\/escoladefinancascwb.com.br\/staging3\/wp-json\/wp\/v2\/pages\/1396\/revisions\/1574"}],"wp:attachment":[{"href":"https:\/\/escoladefinancascwb.com.br\/staging3\/wp-json\/wp\/v2\/media?parent=1396"}],"curies":[{"name":"wp","href":"https:\/\/api.w.org\/{rel}","templated":true}]}}