{"id":1589,"date":"2022-02-25T09:07:47","date_gmt":"2022-02-25T12:07:47","guid":{"rendered":"https:\/\/escoladefinancascwb.com.br\/staging3\/?page_id=1589"},"modified":"2022-07-31T09:18:04","modified_gmt":"2022-07-31T12:18:04","slug":"assessor-de-investimentos","status":"publish","type":"page","link":"https:\/\/escoladefinancascwb.com.br\/staging3\/assessor-de-investimentos\/","title":{"rendered":"Assessor de Investimentos"},"content":{"rendered":"\t\t<div data-elementor-type=\"wp-page\" data-elementor-id=\"1589\" class=\"elementor elementor-1589\">\n\t\t\t\t\t\t<section class=\"elementor-section elementor-top-section elementor-element elementor-element-6157fd4 elementor-section-boxed elementor-section-height-default elementor-section-height-default\" data-id=\"6157fd4\" data-element_type=\"section\" data-settings=\"{&quot;background_background&quot;:&quot;classic&quot;}\">\n\t\t\t\t\t\t<div class=\"elementor-container elementor-column-gap-default\">\n\t\t\t\t\t<div class=\"elementor-column elementor-col-100 elementor-top-column elementor-element elementor-element-a7d93f1\" data-id=\"a7d93f1\" data-element_type=\"column\">\n\t\t\t<div class=\"elementor-widget-wrap elementor-element-populated\">\n\t\t\t\t\t\t<section class=\"elementor-section elementor-inner-section elementor-element elementor-element-43ca3f0 elementor-section-boxed elementor-section-height-default elementor-section-height-default\" data-id=\"43ca3f0\" data-element_type=\"section\">\n\t\t\t\t\t\t<div class=\"elementor-container elementor-column-gap-default\">\n\t\t\t\t\t<div class=\"elementor-column elementor-col-100 elementor-inner-column elementor-element elementor-element-c4de997\" data-id=\"c4de997\" data-element_type=\"column\">\n\t\t\t<div class=\"elementor-widget-wrap elementor-element-populated\">\n\t\t\t\t\t\t<div class=\"elementor-element elementor-element-fd21dd6 elementor-widget elementor-widget-text-editor\" data-id=\"fd21dd6\" data-element_type=\"widget\" data-widget_type=\"text-editor.default\">\n\t\t\t\t<div class=\"elementor-widget-container\">\n\t\t\t\t\t\t\t\t\t<div id=\"comp-kh1xjh8u2\" class=\"_2Jgim _3OF8h ignore-focus\" tabindex=\"-1\" role=\"region\" aria-label=\"Slideshow\"><div class=\"_9R56T\" data-testid=\"slidesWrapper\" aria-live=\"polite\"><div id=\"comp-kh1xjh8w2\" class=\"_30khq\"><div class=\"\" data-mesh-id=\"comp-kh1xjh8w2inlineContent\" data-testid=\"inline-content\"><div data-mesh-id=\"comp-kh1xjh8w2inlineContent-gridContainer\" data-testid=\"mesh-container-content\"><div id=\"comp-kh1xjh90\" class=\"_1Q9if\" data-testid=\"richTextElement\"><h2 class=\"font_0\" style=\"text-align: center;\"><span style=\"color: #000000;\"><strong><span class=\"color_18\">SEJA UM ASSESSOR DE INVESTIMENTOS<\/span><\/strong><\/span><\/h2><\/div><h2 class=\"font_0\" style=\"text-align: center;\"><strong style=\"font-size: 16px;\"><span style=\"color: #000000;\"><span class=\"color_14\">35 horas de curso <\/span>|<span class=\"color_14\"> 100% presencial\u00a0 &#8211;\u00a0 CURITIBA<\/span><\/span><\/strong><\/h2><\/div><\/div><\/div><\/div><\/div>\t\t\t\t\t\t\t\t<\/div>\n\t\t\t\t<\/div>\n\t\t\t\t\t<\/div>\n\t\t<\/div>\n\t\t\t\t\t<\/div>\n\t\t<\/section>\n\t\t\t\t\t<\/div>\n\t\t<\/div>\n\t\t\t\t\t<\/div>\n\t\t<\/section>\n\t\t\t\t<section class=\"elementor-section elementor-top-section elementor-element elementor-element-4e0bd4b elementor-section-boxed elementor-section-height-default elementor-section-height-default\" data-id=\"4e0bd4b\" data-element_type=\"section\" data-settings=\"{&quot;background_background&quot;:&quot;classic&quot;}\">\n\t\t\t\t\t\t<div class=\"elementor-container elementor-column-gap-default\">\n\t\t\t\t\t<div class=\"elementor-column elementor-col-50 elementor-top-column elementor-element elementor-element-3709f03\" data-id=\"3709f03\" data-element_type=\"column\">\n\t\t\t<div class=\"elementor-widget-wrap elementor-element-populated\">\n\t\t\t\t\t\t<div class=\"elementor-element elementor-element-72ff0cc elementor-widget elementor-widget-text-editor\" data-id=\"72ff0cc\" data-element_type=\"widget\" data-widget_type=\"text-editor.default\">\n\t\t\t\t<div class=\"elementor-widget-container\">\n\t\t\t\t\t\t\t\t\t<div class=\"elementor-element elementor-element-df38c77 elementor-widget elementor-widget-heading\" data-id=\"df38c77\" data-element_type=\"widget\" data-widget_type=\"heading.default\"><h2 class=\"elementor-widget-container\"><span class=\"separador-laranja\" style=\"color: #ffffff;\">1 &#8211; Atividade do assessor de investimentos<\/span><\/h2><h2 class=\"elementor-widget-container\"><span style=\"color: #ffffff;\">2 &#8211; Exclu\u00eddo do exame<\/span><\/h2><h2 class=\"elementor-widget-container\"><span style=\"color: #ffffff;\">3 &#8211; Preven\u00e7\u00e3o e combate a crimes de oculta\u00e7\u00e3o de bens e dinheiro<\/span><\/h2><h2 class=\"elementor-widget-container\"><span style=\"color: #ffffff;\">4 &#8211; Economia<\/span><\/h2><h2 class=\"elementor-widget-container\"><span style=\"color: #ffffff;\">5 &#8211; Sistema Financeiro Nacional<\/span><\/h2><h2 class=\"elementor-widget-container\"><span style=\"color: #ffffff;\">6 &#8211; Institui\u00e7\u00f5es e intermediadores financeiros<\/span><\/h2><h2 class=\"elementor-widget-container\"><span style=\"color: #ffffff;\">7 &#8211; Administra\u00e7\u00e3o de risco<\/span><\/h2><h2 class=\"elementor-widget-container\"><span style=\"color: #ffffff;\">8 &#8211; Mercado de capitais<\/span><\/h2><h2 class=\"elementor-widget-container\"><span style=\"color: #ffffff;\">9 &#8211; Fundos de Investimento<\/span><\/h2><h2 class=\"elementor-widget-container\"><span style=\"color: #ffffff;\">10 &#8211; Outros fundos de investimento regulados pela CVM<\/span><\/h2><h2 class=\"elementor-widget-container\"><span style=\"color: #ffffff;\">11 &#8211; Securitiza\u00e7\u00e3o de receb\u00edveis<\/span><\/h2><h2 class=\"elementor-widget-container\"><span style=\"color: #ffffff;\">12 &#8211; Clubes de investimentos<\/span><\/h2><h2 class=\"elementor-widget-container\"><span style=\"color: #ffffff;\">13 &#8211; Matem\u00e1tica financeira<\/span><\/h2><h2 class=\"elementor-widget-container\"><span style=\"color: #ffffff;\">14 &#8211; Mercado financeiro\u00a0<\/span><\/h2><h2 class=\"elementor-widget-container\"><span style=\"color: #ffffff;\">15 &#8211; Mercados derivativos<\/span><\/h2><\/div>\t\t\t\t\t\t\t\t<\/div>\n\t\t\t\t<\/div>\n\t\t\t\t\t<\/div>\n\t\t<\/div>\n\t\t\t\t<div class=\"elementor-column elementor-col-50 elementor-top-column elementor-element elementor-element-f2efd71\" data-id=\"f2efd71\" data-element_type=\"column\">\n\t\t\t<div class=\"elementor-widget-wrap elementor-element-populated\">\n\t\t\t\t\t\t<div class=\"elementor-element elementor-element-127203c elementor-widget elementor-widget-text-editor\" data-id=\"127203c\" data-element_type=\"widget\" data-widget_type=\"text-editor.default\">\n\t\t\t\t<div class=\"elementor-widget-container\">\n\t\t\t\t\t\t\t\t\t<div class=\"accordion\"><h4 class=\"accordion__title\"><a class=\"accordion__trigger text--uppercase\" role=\"button\" href=\"https:\/\/www.unifor.br\/web\/educacao-continuada\/curso-preparat%C3%B3rio-para-certifica%C3%A7%C3%A3o-de-agentes-aut%C3%B4nomos-de-investimento-e-profissionais-de-institui%C3%A7%C3%B5es-financeiras-ancord-#item_zajx__1\" data-toggle=\"collapse\" aria-expanded=\"true\">PER\u00cdODO DE INSCRI\u00c7\u00d5ES<\/a><\/h4><div id=\"item_zajx__1\" class=\"collapse show\"><div class=\"accordion__content\"><p><span style=\"color: #ffffff;\"><strong>At\u00e9 o dia 05 de agosto de 2022<\/strong>.<\/span><\/p><\/div><\/div><\/div><div class=\"accordion\"><h4 class=\"accordion__title\"><a class=\"accordion__trigger text--uppercase\" role=\"button\" href=\"https:\/\/www.unifor.br\/web\/educacao-continuada\/curso-preparat%C3%B3rio-para-certifica%C3%A7%C3%A3o-de-agentes-aut%C3%B4nomos-de-investimento-e-profissionais-de-institui%C3%A7%C3%B5es-financeiras-ancord-#item_zajx__2\" data-toggle=\"collapse\" aria-expanded=\"true\">PER\u00cdODO DO CURSO<\/a><\/h4><div id=\"item_zajx__2\" class=\"collapse show\"><div class=\"accordion__content\"><p><strong><span style=\"color: #ffffff;\">De 06 de agosto a 12 de setembro de 2022<\/span><\/strong><\/p><\/div><\/div><\/div><div class=\"accordion\"><h4 class=\"accordion__title\"><a class=\"accordion__trigger text--uppercase\" role=\"button\" href=\"https:\/\/www.unifor.br\/web\/educacao-continuada\/curso-preparat%C3%B3rio-para-certifica%C3%A7%C3%A3o-de-agentes-aut%C3%B4nomos-de-investimento-e-profissionais-de-institui%C3%A7%C3%B5es-financeiras-ancord-#item_zajx__3\" data-toggle=\"collapse\" aria-expanded=\"true\">HOR\u00c1RIO DAS AULAS<\/a><\/h4><div id=\"item_zajx__3\" class=\"collapse show\"><div class=\"accordion__content\"><p><strong><span style=\"color: #ffffff;\">09h \u00e0s 12h e das 13h \u00e0s 16h (s\u00e1bado)<\/span><\/strong><\/p><\/div><\/div><\/div>\t\t\t\t\t\t\t\t<\/div>\n\t\t\t\t<\/div>\n\t\t\t\t<div class=\"elementor-element elementor-element-f726db9 elementor-align-center elementor-widget elementor-widget-button\" data-id=\"f726db9\" data-element_type=\"widget\" data-widget_type=\"button.default\">\n\t\t\t\t<div class=\"elementor-widget-container\">\n\t\t\t\t\t\t\t\t\t<div class=\"elementor-button-wrapper\">\n\t\t\t\t\t<a class=\"elementor-button elementor-button-link elementor-size-sm\" href=\"https:\/\/escoladefinancascwb.com.br\/staging3\/contato\">\n\t\t\t\t\t\t<span class=\"elementor-button-content-wrapper\">\n\t\t\t\t\t\t<span class=\"elementor-button-icon\">\n\t\t\t\t<i aria-hidden=\"true\" class=\"far fa-bookmark\"><\/i>\t\t\t<\/span>\n\t\t\t\t\t\t\t\t\t<span class=\"elementor-button-text\">Tenho Interesse<\/span>\n\t\t\t\t\t<\/span>\n\t\t\t\t\t<\/a>\n\t\t\t\t<\/div>\n\t\t\t\t\t\t\t\t<\/div>\n\t\t\t\t<\/div>\n\t\t\t\t\t<\/div>\n\t\t<\/div>\n\t\t\t\t\t<\/div>\n\t\t<\/section>\n\t\t\t\t<section class=\"elementor-section elementor-top-section elementor-element elementor-element-c5b8399 elementor-section-boxed elementor-section-height-default elementor-section-height-default\" data-id=\"c5b8399\" data-element_type=\"section\">\n\t\t\t\t\t\t<div class=\"elementor-container elementor-column-gap-default\">\n\t\t\t\t\t<div class=\"elementor-column elementor-col-33 elementor-top-column elementor-element elementor-element-2cb0967\" data-id=\"2cb0967\" data-element_type=\"column\">\n\t\t\t<div class=\"elementor-widget-wrap elementor-element-populated\">\n\t\t\t\t\t\t<div class=\"elementor-element elementor-element-bdadfd5 elementor-widget elementor-widget-text-editor\" data-id=\"bdadfd5\" data-element_type=\"widget\" data-widget_type=\"text-editor.default\">\n\t\t\t\t<div class=\"elementor-widget-container\">\n\t\t\t\t\t\t\t\t\t<div class=\"col-md-5\"><div class=\"card-image\"><a href=\"https:\/\/cadastro.xpi.com.br\/desktop\/step\/1?assessor=A69230\" target=\"_blank\" rel=\"noopener\"><img decoding=\"async\" class=\"img\" title=\"Ricardo Coleto Druszcz, CFP\u00ae\" src=\"https:\/\/4traderinvest.com.br\/wp-content\/uploads\/2019\/08\/perfil_ricardov2.png\" \/><\/a><\/div><\/div><div class=\"col-md-7\"><div class=\"content\"><p class=\"card-description\">\u00a0<\/p><\/div><\/div>\t\t\t\t\t\t\t\t<\/div>\n\t\t\t\t<\/div>\n\t\t\t\t<div class=\"elementor-element elementor-element-a458826 elementor-widget elementor-widget-text-editor\" data-id=\"a458826\" data-element_type=\"widget\" data-widget_type=\"text-editor.default\">\n\t\t\t\t<div class=\"elementor-widget-container\">\n\t\t\t\t\t\t\t\t\t<h4 class=\"card-title\">Ricardo Coleto Druszcz, CFP\u00ae<\/h4><h6 class=\"category text-muted\">ASSESSOR DE INVESTIMENTOS<\/h6><p class=\"card-description\">Graduado em Engenharia El\u00e9trica pela UFPR, p\u00f3s-graduado em Administra\u00e7\u00e3o de Neg\u00f3cios pela Queensland University of Technology. Mais de 13 anos de experi\u00eancia como investidor no mercado de capitais, tendo atuado durante 12 anos no backoffice de institui\u00e7\u00f5es banc\u00e1rias multinacionais no Brasil. Profissional CERTIFIED FINANCIAL PLANNER e Agente Aut\u00f4nomo de Investimentos registrado na CVM (Comiss\u00e3o de Valores Mobili\u00e1rios).<\/p>\t\t\t\t\t\t\t\t<\/div>\n\t\t\t\t<\/div>\n\t\t\t\t\t<\/div>\n\t\t<\/div>\n\t\t\t\t<div class=\"elementor-column elementor-col-33 elementor-top-column elementor-element elementor-element-5ff0cd6\" data-id=\"5ff0cd6\" data-element_type=\"column\">\n\t\t\t<div class=\"elementor-widget-wrap elementor-element-populated\">\n\t\t\t\t\t\t<div class=\"elementor-element elementor-element-e946849 elementor-widget elementor-widget-text-editor\" data-id=\"e946849\" data-element_type=\"widget\" data-widget_type=\"text-editor.default\">\n\t\t\t\t<div class=\"elementor-widget-container\">\n\t\t\t\t\t\t\t\t\t<div class=\"col-md-5\"><div class=\"card-image\"><a href=\"https:\/\/cadastro.xpi.com.br\/desktop\/step\/1?assessor=A69013\" target=\"_blank\" rel=\"noopener\"><img decoding=\"async\" class=\"img\" title=\"Gabriele Gottwald, CFP\u00ae\" src=\"https:\/\/4traderinvest.com.br\/wp-content\/uploads\/2019\/07\/perfil_gabi-e1564028923222.png\" \/><\/a><\/div><\/div><div class=\"col-md-7\"><div class=\"content\"><p class=\"card-description\">\u00a0<\/p><\/div><\/div>\t\t\t\t\t\t\t\t<\/div>\n\t\t\t\t<\/div>\n\t\t\t\t<div class=\"elementor-element elementor-element-a1d47a0 elementor-widget elementor-widget-text-editor\" data-id=\"a1d47a0\" data-element_type=\"widget\" data-widget_type=\"text-editor.default\">\n\t\t\t\t<div class=\"elementor-widget-container\">\n\t\t\t\t\t\t\t\t\t<h4 class=\"card-title\">Gabriele Gottwald, CFP\u00ae<\/h4><h6 class=\"category text-muted\">ASSESSORA DE INVESTIMENTOS<\/h6><p class=\"card-description\">Graduada em Engenharia de Alimentos pela UFSC e Administradora de Empresas pela ESAG, mestrado em Engenharia de Produ\u00e7\u00e3o\/UFSC. Experi\u00eancia de consultoria em processo industrial e professora universit\u00e1ria, atua h\u00e1 07 anos no mercado de capitais. Profissional CERTIFIED FINANCIAL PLANNER e Agente Aut\u00f4nomo de Investimentos registrada na CVM (Comiss\u00e3o de Valores Mobili\u00e1rios).<\/p>\t\t\t\t\t\t\t\t<\/div>\n\t\t\t\t<\/div>\n\t\t\t\t\t<\/div>\n\t\t<\/div>\n\t\t\t\t<div class=\"elementor-column elementor-col-33 elementor-top-column elementor-element elementor-element-ccae617\" data-id=\"ccae617\" data-element_type=\"column\">\n\t\t\t<div class=\"elementor-widget-wrap elementor-element-populated\">\n\t\t\t\t\t\t<div class=\"elementor-element elementor-element-d587932 elementor-widget elementor-widget-image\" data-id=\"d587932\" data-element_type=\"widget\" data-widget_type=\"image.default\">\n\t\t\t\t<div class=\"elementor-widget-container\">\n\t\t\t\t\t\t\t\t\t\t\t\t\t\t\t<img decoding=\"async\" width=\"150\" height=\"150\" src=\"https:\/\/escoladefinancascwb.com.br\/staging3\/wp-content\/uploads\/2022\/02\/0E9F8865-D48A-46C4-9131-0D4571742D31-150x150.png\" class=\"attachment-thumbnail size-thumbnail wp-image-1686\" alt=\"\" srcset=\"https:\/\/escoladefinancascwb.com.br\/staging3\/wp-content\/uploads\/2022\/02\/0E9F8865-D48A-46C4-9131-0D4571742D31-150x150.png 150w, https:\/\/escoladefinancascwb.com.br\/staging3\/wp-content\/uploads\/2022\/02\/0E9F8865-D48A-46C4-9131-0D4571742D31-300x300.png 300w\" sizes=\"(max-width: 150px) 100vw, 150px\" \/>\t\t\t\t\t\t\t\t\t\t\t\t\t\t\t<\/div>\n\t\t\t\t<\/div>\n\t\t\t\t<div class=\"elementor-element elementor-element-0d236d9 elementor-widget elementor-widget-text-editor\" data-id=\"0d236d9\" data-element_type=\"widget\" data-widget_type=\"text-editor.default\">\n\t\t\t\t<div class=\"elementor-widget-container\">\n\t\t\t\t\t\t\t\t\t<h4 class=\"card-title\">Carlos Eduardo Guimar\u00e3es<\/h4><h6 class=\"category text-muted\">ASSESSOR DE INVESTIMENTOS<\/h6><p class=\"card-description\">Graduado em Engenharia Mec\u00e2nica pela UFSC, mestrado em Engenharia pela Institute Fran\u00e7ais du Petrole. Mais de 10 anos de experiencia no mercado de capitais. Agente Aut\u00f4nomo de Investimentos registrado na CVM (Comiss\u00e3o de Valores Mobili\u00e1rios)<\/p>\t\t\t\t\t\t\t\t<\/div>\n\t\t\t\t<\/div>\n\t\t\t\t\t<\/div>\n\t\t<\/div>\n\t\t\t\t\t<\/div>\n\t\t<\/section>\n\t\t\t\t<\/div>\n\t\t","protected":false},"excerpt":{"rendered":"<p>SEJA UM ASSESSOR DE INVESTIMENTOS 35 horas de curso | 100% presencial\u00a0 &#8211;\u00a0 CURITIBA 1 &#8211; Atividade do assessor de investimentos 2 &#8211; Exclu\u00eddo do exame 3 &#8211; Preven\u00e7\u00e3o e combate a crimes de oculta\u00e7\u00e3o de bens e dinheiro 4 &#8211; Economia 5 &#8211; Sistema Financeiro Nacional 6 &#8211; Institui\u00e7\u00f5es e intermediadores financeiros 7 &#8211;&hellip; <br \/> <a class=\"read-more\" href=\"https:\/\/escoladefinancascwb.com.br\/staging3\/assessor-de-investimentos\/\">Read more<\/a><\/p>\n","protected":false},"author":1,"featured_media":0,"parent":0,"menu_order":0,"comment_status":"closed","ping_status":"closed","template":"","meta":{"_joinchat":[],"footnotes":""},"class_list":["post-1589","page","type-page","status-publish","hentry"],"yoast_head":"<!-- This site is optimized with the Yoast SEO plugin v27.2 - https:\/\/yoast.com\/product\/yoast-seo-wordpress\/ -->\n<title>Assessor de Investimentos - Escola de Finan\u00e7as CWB<\/title>\n<meta name=\"description\" content=\"Curso presencial de prepara\u00e7\u00e3o para prova de certifica\u00e7\u00e3o da Ancord para se tornar um Assessor de Investimentos. S\u00e1b 9h-16h. Curitiba.\" \/>\n<meta name=\"robots\" content=\"index, follow, max-snippet:-1, max-image-preview:large, max-video-preview:-1\" \/>\n<link rel=\"canonical\" href=\"https:\/\/escoladefinancascwb.com.br\/staging3\/assessor-de-investimentos\/\" \/>\n<meta property=\"og:locale\" content=\"pt_PT\" \/>\n<meta property=\"og:type\" content=\"article\" \/>\n<meta property=\"og:title\" content=\"Assessor de Investimentos - Escola de Finan\u00e7as CWB\" \/>\n<meta property=\"og:description\" content=\"Curso presencial de prepara\u00e7\u00e3o para prova de certifica\u00e7\u00e3o da Ancord para se tornar um Assessor de Investimentos. S\u00e1b 9h-16h. Curitiba.\" \/>\n<meta property=\"og:url\" content=\"https:\/\/escoladefinancascwb.com.br\/staging3\/assessor-de-investimentos\/\" \/>\n<meta property=\"og:site_name\" content=\"Escola de Finan\u00e7as CWB\" \/>\n<meta property=\"article:modified_time\" content=\"2022-07-31T12:18:04+00:00\" \/>\n<meta property=\"og:image\" content=\"https:\/\/4traderinvest.com.br\/wp-content\/uploads\/2019\/08\/perfil_ricardov2.png\" \/>\n<meta name=\"twitter:card\" content=\"summary_large_image\" \/>\n<meta name=\"twitter:label1\" content=\"Tempo estimado de leitura\" \/>\n\t<meta name=\"twitter:data1\" content=\"3 minutos\" \/>\n<script type=\"application\/ld+json\" class=\"yoast-schema-graph\">{\"@context\":\"https:\/\/schema.org\",\"@graph\":[{\"@type\":\"WebPage\",\"@id\":\"https:\/\/escoladefinancascwb.com.br\/staging3\/assessor-de-investimentos\/\",\"url\":\"https:\/\/escoladefinancascwb.com.br\/staging3\/assessor-de-investimentos\/\",\"name\":\"Assessor de Investimentos - Escola de Finan\u00e7as CWB\",\"isPartOf\":{\"@id\":\"https:\/\/escoladefinancascwb.com.br\/staging3\/#website\"},\"primaryImageOfPage\":{\"@id\":\"https:\/\/escoladefinancascwb.com.br\/staging3\/assessor-de-investimentos\/#primaryimage\"},\"image\":{\"@id\":\"https:\/\/escoladefinancascwb.com.br\/staging3\/assessor-de-investimentos\/#primaryimage\"},\"thumbnailUrl\":\"https:\/\/4traderinvest.com.br\/wp-content\/uploads\/2019\/08\/perfil_ricardov2.png\",\"datePublished\":\"2022-02-25T12:07:47+00:00\",\"dateModified\":\"2022-07-31T12:18:04+00:00\",\"description\":\"Curso presencial de prepara\u00e7\u00e3o para prova de certifica\u00e7\u00e3o da Ancord para se tornar um Assessor de Investimentos. S\u00e1b 9h-16h. Curitiba.\",\"breadcrumb\":{\"@id\":\"https:\/\/escoladefinancascwb.com.br\/staging3\/assessor-de-investimentos\/#breadcrumb\"},\"inLanguage\":\"pt-PT\",\"potentialAction\":[{\"@type\":\"ReadAction\",\"target\":[\"https:\/\/escoladefinancascwb.com.br\/staging3\/assessor-de-investimentos\/\"]}]},{\"@type\":\"ImageObject\",\"inLanguage\":\"pt-PT\",\"@id\":\"https:\/\/escoladefinancascwb.com.br\/staging3\/assessor-de-investimentos\/#primaryimage\",\"url\":\"https:\/\/4traderinvest.com.br\/wp-content\/uploads\/2019\/08\/perfil_ricardov2.png\",\"contentUrl\":\"https:\/\/4traderinvest.com.br\/wp-content\/uploads\/2019\/08\/perfil_ricardov2.png\"},{\"@type\":\"BreadcrumbList\",\"@id\":\"https:\/\/escoladefinancascwb.com.br\/staging3\/assessor-de-investimentos\/#breadcrumb\",\"itemListElement\":[{\"@type\":\"ListItem\",\"position\":1,\"name\":\"In\u00edcio\",\"item\":\"https:\/\/escoladefinancascwb.com.br\/staging3\/\"},{\"@type\":\"ListItem\",\"position\":2,\"name\":\"Assessor de Investimentos\"}]},{\"@type\":\"WebSite\",\"@id\":\"https:\/\/escoladefinancascwb.com.br\/staging3\/#website\",\"url\":\"https:\/\/escoladefinancascwb.com.br\/staging3\/\",\"name\":\"Escola de Finan\u00e7as CWB\",\"description\":\"Cursos sobre finan\u00e7as pessoais e investimentos.\",\"publisher\":{\"@id\":\"https:\/\/escoladefinancascwb.com.br\/staging3\/#organization\"},\"potentialAction\":[{\"@type\":\"SearchAction\",\"target\":{\"@type\":\"EntryPoint\",\"urlTemplate\":\"https:\/\/escoladefinancascwb.com.br\/staging3\/?s={search_term_string}\"},\"query-input\":{\"@type\":\"PropertyValueSpecification\",\"valueRequired\":true,\"valueName\":\"search_term_string\"}}],\"inLanguage\":\"pt-PT\"},{\"@type\":\"Organization\",\"@id\":\"https:\/\/escoladefinancascwb.com.br\/staging3\/#organization\",\"name\":\"Escola de Finan\u00e7as CWB\",\"url\":\"https:\/\/escoladefinancascwb.com.br\/staging3\/\",\"logo\":{\"@type\":\"ImageObject\",\"inLanguage\":\"pt-PT\",\"@id\":\"https:\/\/escoladefinancascwb.com.br\/staging3\/#\/schema\/logo\/image\/\",\"url\":\"https:\/\/escoladefinancascwb.com.br\/staging3\/wp-content\/uploads\/2021\/09\/cropped-Parte-Redonda-2.png\",\"contentUrl\":\"https:\/\/escoladefinancascwb.com.br\/staging3\/wp-content\/uploads\/2021\/09\/cropped-Parte-Redonda-2.png\",\"width\":669,\"height\":478,\"caption\":\"Escola de Finan\u00e7as CWB\"},\"image\":{\"@id\":\"https:\/\/escoladefinancascwb.com.br\/staging3\/#\/schema\/logo\/image\/\"}}]}<\/script>\n<!-- \/ Yoast SEO plugin. -->","yoast_head_json":{"title":"Assessor de Investimentos - Escola de Finan\u00e7as CWB","description":"Curso presencial de prepara\u00e7\u00e3o para prova de certifica\u00e7\u00e3o da Ancord para se tornar um Assessor de Investimentos. S\u00e1b 9h-16h. Curitiba.","robots":{"index":"index","follow":"follow","max-snippet":"max-snippet:-1","max-image-preview":"max-image-preview:large","max-video-preview":"max-video-preview:-1"},"canonical":"https:\/\/escoladefinancascwb.com.br\/staging3\/assessor-de-investimentos\/","og_locale":"pt_PT","og_type":"article","og_title":"Assessor de Investimentos - Escola de Finan\u00e7as CWB","og_description":"Curso presencial de prepara\u00e7\u00e3o para prova de certifica\u00e7\u00e3o da Ancord para se tornar um Assessor de Investimentos. S\u00e1b 9h-16h. Curitiba.","og_url":"https:\/\/escoladefinancascwb.com.br\/staging3\/assessor-de-investimentos\/","og_site_name":"Escola de Finan\u00e7as CWB","article_modified_time":"2022-07-31T12:18:04+00:00","og_image":[{"url":"https:\/\/4traderinvest.com.br\/wp-content\/uploads\/2019\/08\/perfil_ricardov2.png","type":"","width":"","height":""}],"twitter_card":"summary_large_image","twitter_misc":{"Tempo estimado de leitura":"3 minutos"},"schema":{"@context":"https:\/\/schema.org","@graph":[{"@type":"WebPage","@id":"https:\/\/escoladefinancascwb.com.br\/staging3\/assessor-de-investimentos\/","url":"https:\/\/escoladefinancascwb.com.br\/staging3\/assessor-de-investimentos\/","name":"Assessor de Investimentos - Escola de Finan\u00e7as CWB","isPartOf":{"@id":"https:\/\/escoladefinancascwb.com.br\/staging3\/#website"},"primaryImageOfPage":{"@id":"https:\/\/escoladefinancascwb.com.br\/staging3\/assessor-de-investimentos\/#primaryimage"},"image":{"@id":"https:\/\/escoladefinancascwb.com.br\/staging3\/assessor-de-investimentos\/#primaryimage"},"thumbnailUrl":"https:\/\/4traderinvest.com.br\/wp-content\/uploads\/2019\/08\/perfil_ricardov2.png","datePublished":"2022-02-25T12:07:47+00:00","dateModified":"2022-07-31T12:18:04+00:00","description":"Curso presencial de prepara\u00e7\u00e3o para prova de certifica\u00e7\u00e3o da Ancord para se tornar um Assessor de Investimentos. S\u00e1b 9h-16h. Curitiba.","breadcrumb":{"@id":"https:\/\/escoladefinancascwb.com.br\/staging3\/assessor-de-investimentos\/#breadcrumb"},"inLanguage":"pt-PT","potentialAction":[{"@type":"ReadAction","target":["https:\/\/escoladefinancascwb.com.br\/staging3\/assessor-de-investimentos\/"]}]},{"@type":"ImageObject","inLanguage":"pt-PT","@id":"https:\/\/escoladefinancascwb.com.br\/staging3\/assessor-de-investimentos\/#primaryimage","url":"https:\/\/4traderinvest.com.br\/wp-content\/uploads\/2019\/08\/perfil_ricardov2.png","contentUrl":"https:\/\/4traderinvest.com.br\/wp-content\/uploads\/2019\/08\/perfil_ricardov2.png"},{"@type":"BreadcrumbList","@id":"https:\/\/escoladefinancascwb.com.br\/staging3\/assessor-de-investimentos\/#breadcrumb","itemListElement":[{"@type":"ListItem","position":1,"name":"In\u00edcio","item":"https:\/\/escoladefinancascwb.com.br\/staging3\/"},{"@type":"ListItem","position":2,"name":"Assessor de Investimentos"}]},{"@type":"WebSite","@id":"https:\/\/escoladefinancascwb.com.br\/staging3\/#website","url":"https:\/\/escoladefinancascwb.com.br\/staging3\/","name":"Escola de Finan\u00e7as CWB","description":"Cursos sobre finan\u00e7as pessoais e investimentos.","publisher":{"@id":"https:\/\/escoladefinancascwb.com.br\/staging3\/#organization"},"potentialAction":[{"@type":"SearchAction","target":{"@type":"EntryPoint","urlTemplate":"https:\/\/escoladefinancascwb.com.br\/staging3\/?s={search_term_string}"},"query-input":{"@type":"PropertyValueSpecification","valueRequired":true,"valueName":"search_term_string"}}],"inLanguage":"pt-PT"},{"@type":"Organization","@id":"https:\/\/escoladefinancascwb.com.br\/staging3\/#organization","name":"Escola de Finan\u00e7as CWB","url":"https:\/\/escoladefinancascwb.com.br\/staging3\/","logo":{"@type":"ImageObject","inLanguage":"pt-PT","@id":"https:\/\/escoladefinancascwb.com.br\/staging3\/#\/schema\/logo\/image\/","url":"https:\/\/escoladefinancascwb.com.br\/staging3\/wp-content\/uploads\/2021\/09\/cropped-Parte-Redonda-2.png","contentUrl":"https:\/\/escoladefinancascwb.com.br\/staging3\/wp-content\/uploads\/2021\/09\/cropped-Parte-Redonda-2.png","width":669,"height":478,"caption":"Escola de Finan\u00e7as CWB"},"image":{"@id":"https:\/\/escoladefinancascwb.com.br\/staging3\/#\/schema\/logo\/image\/"}}]}},"_links":{"self":[{"href":"https:\/\/escoladefinancascwb.com.br\/staging3\/wp-json\/wp\/v2\/pages\/1589","targetHints":{"allow":["GET"]}}],"collection":[{"href":"https:\/\/escoladefinancascwb.com.br\/staging3\/wp-json\/wp\/v2\/pages"}],"about":[{"href":"https:\/\/escoladefinancascwb.com.br\/staging3\/wp-json\/wp\/v2\/types\/page"}],"author":[{"embeddable":true,"href":"https:\/\/escoladefinancascwb.com.br\/staging3\/wp-json\/wp\/v2\/users\/1"}],"replies":[{"embeddable":true,"href":"https:\/\/escoladefinancascwb.com.br\/staging3\/wp-json\/wp\/v2\/comments?post=1589"}],"version-history":[{"count":116,"href":"https:\/\/escoladefinancascwb.com.br\/staging3\/wp-json\/wp\/v2\/pages\/1589\/revisions"}],"predecessor-version":[{"id":2015,"href":"https:\/\/escoladefinancascwb.com.br\/staging3\/wp-json\/wp\/v2\/pages\/1589\/revisions\/2015"}],"wp:attachment":[{"href":"https:\/\/escoladefinancascwb.com.br\/staging3\/wp-json\/wp\/v2\/media?parent=1589"}],"curies":[{"name":"wp","href":"https:\/\/api.w.org\/{rel}","templated":true}]}}