{"id":1794,"date":"2022-03-31T09:31:11","date_gmt":"2022-03-31T12:31:11","guid":{"rendered":"https:\/\/escoladefinancascwb.com.br\/staging3\/?page_id=1794"},"modified":"2022-07-31T09:37:53","modified_gmt":"2022-07-31T12:37:53","slug":"formacao-investidor","status":"publish","type":"page","link":"https:\/\/escoladefinancascwb.com.br\/staging3\/formacao-investidor\/","title":{"rendered":"Forma\u00e7\u00e3o Investidor"},"content":{"rendered":"\t\t<div data-elementor-type=\"wp-page\" data-elementor-id=\"1794\" class=\"elementor elementor-1794\">\n\t\t\t\t\t\t<section class=\"elementor-section elementor-top-section elementor-element elementor-element-dd62939 elementor-section-boxed elementor-section-height-default elementor-section-height-default\" data-id=\"dd62939\" data-element_type=\"section\">\n\t\t\t\t\t\t<div class=\"elementor-container elementor-column-gap-default\">\n\t\t\t\t\t<div class=\"elementor-column elementor-col-100 elementor-top-column elementor-element elementor-element-2591f8b\" data-id=\"2591f8b\" data-element_type=\"column\">\n\t\t\t<div class=\"elementor-widget-wrap elementor-element-populated\">\n\t\t\t\t\t\t<div class=\"elementor-element elementor-element-1ea7798 elementor-widget elementor-widget-image\" data-id=\"1ea7798\" data-element_type=\"widget\" data-widget_type=\"image.default\">\n\t\t\t\t<div class=\"elementor-widget-container\">\n\t\t\t\t\t\t\t\t\t\t\t\t\t\t\t<img fetchpriority=\"high\" decoding=\"async\" width=\"1024\" height=\"431\" src=\"https:\/\/escoladefinancascwb.com.br\/staging3\/wp-content\/uploads\/2019\/04\/cursos-1024x431.jpeg\" class=\"attachment-large size-large wp-image-637\" alt=\"Finan\u00e7as\" srcset=\"https:\/\/escoladefinancascwb.com.br\/staging3\/wp-content\/uploads\/2019\/04\/cursos-1024x431.jpeg 1024w, https:\/\/escoladefinancascwb.com.br\/staging3\/wp-content\/uploads\/2019\/04\/cursos-300x126.jpeg 300w, https:\/\/escoladefinancascwb.com.br\/staging3\/wp-content\/uploads\/2019\/04\/cursos-768x323.jpeg 768w, https:\/\/escoladefinancascwb.com.br\/staging3\/wp-content\/uploads\/2019\/04\/cursos-600x252.jpeg 600w, https:\/\/escoladefinancascwb.com.br\/staging3\/wp-content\/uploads\/2019\/04\/cursos.jpeg 2000w\" sizes=\"(max-width: 1024px) 100vw, 1024px\" \/>\t\t\t\t\t\t\t\t\t\t\t\t\t\t\t<\/div>\n\t\t\t\t<\/div>\n\t\t\t\t<section class=\"elementor-section elementor-inner-section elementor-element elementor-element-f6a8a61 elementor-section-boxed elementor-section-height-default elementor-section-height-default\" data-id=\"f6a8a61\" data-element_type=\"section\">\n\t\t\t\t\t\t<div class=\"elementor-container elementor-column-gap-default\">\n\t\t\t\t\t<div class=\"elementor-column elementor-col-50 elementor-inner-column elementor-element elementor-element-3df9cdd\" data-id=\"3df9cdd\" data-element_type=\"column\">\n\t\t\t<div class=\"elementor-widget-wrap elementor-element-populated\">\n\t\t\t\t\t\t<div class=\"elementor-element elementor-element-8535849 elementor-widget elementor-widget-text-editor\" data-id=\"8535849\" data-element_type=\"widget\" data-widget_type=\"text-editor.default\">\n\t\t\t\t<div class=\"elementor-widget-container\">\n\t\t\t\t\t\t\t\t\t<h2><span style=\"color: #000000;\">Curso Forma\u00e7\u00e3o Investidor<\/span><\/h2><p>T\u00f3picos abordado no curso Forma\u00e7\u00e3o Investidor:<\/p><p><strong>1 &#8211; Sistema Financeiro Nacional<\/strong><\/p><ul><li>CMN<\/li><li><a href=\"https:\/\/www.bcb.gov.br\/\">BACEN<\/a><\/li><li><a href=\"https:\/\/www.gov.br\/cvm\/pt-br\">CVM<\/a><\/li><li><a href=\"https:\/\/www.tesourodireto.com.br\/?utm_source=Googleads&amp;utm_medium=cpc&amp;utm_campaign=InstitucionalProduto&amp;utm_term=Investimento&amp;utm_content=TesouroDireto&amp;gclid=Cj0KCQjw0JiXBhCFARIsAOSAKqD-LYBdD2yTilk2PE4-TwHR7UZ0Da0BhAObrQKBiXaul40mJ-XEMrsaAnxaEALw_wcB\">Tesouro Nacional<\/a><\/li><li>Tesouro Direto<\/li><li>COPOM<\/li><li><a href=\"https:\/\/www.b3.com.br\/pt_br\/\">B3<\/a><ul><li>Mercado prim\u00e1rio<\/li><li>Mercado secund\u00e1rio<\/li><\/ul><\/li><li>Corretoras<\/li><li>SELIC\/CDI<ul><li>Meta<\/li><li>Over<\/li><li>Compara\u00e7\u00e3o<\/li><\/ul><\/li><li>Infla\u00e7\u00e3o<ul><li>IPCA<\/li><li>IGPM<\/li><\/ul><\/li><\/ul><p><strong>2 &#8211; Matem\u00e1tica financeira <\/strong><\/p><ul><li>Conceito de juros<\/li><li>Juros simples<\/li><li>Juros compostos<\/li><li>Taxas proporcionais e equivalentes<\/li><li>Rela\u00e7\u00e3o entre juros, capital e tempo<\/li><li>Desconto de infla\u00e7\u00e3o<\/li><li>Soma de taxas<\/li><li>VPL<\/li><li>TIR<\/li><li>S\u00e9ries de pagamento<\/li><li>Cotiza\u00e7\u00e3o de patrim\u00f4nio<\/li><li>Resolu\u00e7\u00e3o de exerc\u00edcios<\/li><li>HP 12-C<\/li><\/ul><p><strong>3 &#8211; Estat\u00edstica<\/strong><\/p><ul><li>M\u00e9dia<\/li><li>Mediana<\/li><li>Moda<\/li><li>Vari\u00e2ncia<\/li><li>Desvio padr\u00e3o<\/li><li>Covari\u00e2ncia<\/li><li>Correla\u00e7\u00e3o<\/li><li>Distribui\u00e7\u00e3o normal<\/li><li>Resolu\u00e7\u00e3o de exerc\u00edcios<\/li><\/ul><p><strong>4 &#8211; Contabilidade<\/strong><\/p><ul><li>Objetivo<\/li><li>Balan\u00e7o patrimonial<\/li><li>DRE<\/li><li>Regimes de caixa e compet\u00eancia<\/li><li>Peculiaridades de IF (bancos)<\/li><li>Notas explicativas<\/li><li>An\u00e1lises cont\u00e1beis<\/li><\/ul><p>5<strong> &#8211; Mercado financeiro<\/strong><\/p><ul><li>FGC<\/li><li>Renda fixa<ul><li>Conceito<\/li><li>TPF<\/li><li>Pre\u00e7o na curva e no mercado<\/li><li>CDB<\/li><li>LCI\/LCA<\/li><li>CRI\/CRA<\/li><li>Demais t\u00edtulos (LH, LC, LF, opera\u00e7\u00f5es compromissadas etc.)<\/li><li>Deb\u00eantures<\/li><li>Duration<\/li><\/ul><\/li><li>Renda vari\u00e1vel<ul><li>Conceito<\/li><li>An\u00e1lise t\u00e9cnica<\/li><li>An\u00e1lise fundamentalista<\/li><li>Origens do retorno<\/li><li>A\u00e7\u00f5es ordin\u00e1rias<\/li><li>A\u00e7\u00f5es preferenciais<\/li><li>Investimento vs. Especula\u00e7\u00e3o<\/li><\/ul><\/li><li>Derivativos<ul><li>Conceito<\/li><li>Mercado a termo<\/li><li>Mercado futuro<\/li><li>Swap<\/li><li>Op\u00e7\u00f5es<\/li><li>Hedge<\/li><li>Arbitragem<\/li><li>Especula\u00e7\u00f5es<\/li><li>Estrat\u00e9gias b\u00e1sicas com derivativos<\/li><\/ul><\/li><\/ul>\t\t\t\t\t\t\t\t<\/div>\n\t\t\t\t<\/div>\n\t\t\t\t\t<\/div>\n\t\t<\/div>\n\t\t\t\t<div class=\"elementor-column elementor-col-50 elementor-inner-column elementor-element elementor-element-310525f\" data-id=\"310525f\" data-element_type=\"column\">\n\t\t\t<div class=\"elementor-widget-wrap elementor-element-populated\">\n\t\t\t\t\t\t<div class=\"elementor-element elementor-element-0f2b763 elementor-widget elementor-widget-text-editor\" data-id=\"0f2b763\" data-element_type=\"widget\" data-widget_type=\"text-editor.default\">\n\t\t\t\t<div class=\"elementor-widget-container\">\n\t\t\t\t\t\t\t\t\t<ul><li>Fundos de investimentos<ul><li>Conceito<\/li><li>Vantagens e desvantagens<\/li><li>Taxas<\/li><li>Linha d\u2019\u00e1gua<\/li><li>Profissionais envolvidos<\/li><li>Fundos de Renda Fixa<\/li><li>Fundos de A\u00e7\u00f5es<\/li><li>Fundos abertos e fechados<\/li><li>Fundo de Fundos<\/li><li>Fundos multimercados<\/li><li>Fundos imobili\u00e1rios<\/li><li>ETF<\/li><li>Demais fundos<\/li><\/ul><\/li><li>Ativos inertes<ul><li>Ouro<\/li><li>C\u00e2mbio<\/li><\/ul><\/li><li>Tributa\u00e7\u00e3o<ul><li>Renda fixa<\/li><li>Renda vari\u00e1vel<\/li><li>Derivativos<\/li><li>Fundos de investimento<\/li><li>Ativos inertes<\/li><li>Compensa\u00e7\u00f5es<\/li><\/ul><\/li><li>Retornos hist\u00f3ricos<\/li><\/ul><p><a href=\"https:\/\/escoladefinancascwb.com.br\/staging3\/contato\/\"><strong>7 &#8211; Gest\u00e3o de carteiras e risco <\/strong><\/a><\/p><ul><li>Risco sistem\u00e1tico<ul><li>Risco de mercado<\/li><\/ul><\/li><li>Risco n\u00e3o sistem\u00e1tico<ul><li>Liquidez<\/li><li>Cr\u00e9dito<\/li><li>Imagem<\/li><li>Legal<\/li><\/ul><\/li><li>Coeficiente Beta<\/li><li>Mercado eficiente<\/li><li>Modelo de Markowitz<\/li><li>Capital Market Line<\/li><li>Capital Asset Princig Model<\/li><li>Coeficiente Alfa<\/li><li>\u00cdndice de Sharpe<\/li><li>\u00cdndice de Treynor<\/li><li>Value at Risk<\/li><\/ul><p><strong>8 \u2013 Finan\u00e7as comportamentais<\/strong><\/p><ul><li>Conceitos<\/li><li>Mercado eficiente vs. Finan\u00e7as comportamentais<\/li><li>Heur\u00edsticas<ul><li>Representatividade<\/li><li>Ancoragem<\/li><li>Avers\u00e3o \u00e0 perda<\/li><li>Disponibilidade<\/li><li>Armadilha da confirma\u00e7\u00e3o<\/li><li>Excesso de confian\u00e7a<\/li><li>Ilus\u00e3o de controle<\/li><\/ul><\/li><\/ul><p><strong>9 \u2013 Sele\u00e7\u00e3o de ativos e valuation cl\u00e1ssica<\/strong><\/p><ul><li>Sele\u00e7\u00e3o de ativos de renda fixa<\/li><li>Sele\u00e7\u00e3o de ativos de renda vari\u00e1vel<\/li><li>Sele\u00e7\u00e3o de investimentos alternativos<\/li><\/ul><p><strong>10 \u2013 Investimentos no exterior<\/strong><\/p><ul><li>Fundos<\/li><li>BDR\u2019s<\/li><li>ETF\u2019s<\/li><li>Corretoras<\/li><\/ul><p><strong>11 \u2013 <a href=\"https:\/\/escoladefinancascwb.com.br\/staging3\/contato\/\">Montagem de carteiras<\/a><\/strong><\/p><ul><li>Aplica\u00e7\u00e3o pr\u00e1tica dos conceitos vistos anteriormente<\/li><\/ul>\t\t\t\t\t\t\t\t<\/div>\n\t\t\t\t<\/div>\n\t\t\t\t\t<\/div>\n\t\t<\/div>\n\t\t\t\t\t<\/div>\n\t\t<\/section>\n\t\t\t\t\t<\/div>\n\t\t<\/div>\n\t\t\t\t\t<\/div>\n\t\t<\/section>\n\t\t\t\t<section class=\"elementor-section elementor-top-section elementor-element elementor-element-ab5ea9b elementor-section-boxed elementor-section-height-default elementor-section-height-default\" data-id=\"ab5ea9b\" data-element_type=\"section\">\n\t\t\t\t\t\t<div class=\"elementor-container elementor-column-gap-default\">\n\t\t\t\t\t<div class=\"elementor-column elementor-col-100 elementor-top-column elementor-element elementor-element-bd46761\" data-id=\"bd46761\" data-element_type=\"column\">\n\t\t\t<div class=\"elementor-widget-wrap elementor-element-populated\">\n\t\t\t\t\t\t<section class=\"elementor-section elementor-inner-section elementor-element elementor-element-2a8131a elementor-section-boxed elementor-section-height-default elementor-section-height-default\" data-id=\"2a8131a\" data-element_type=\"section\">\n\t\t\t\t\t\t<div class=\"elementor-container elementor-column-gap-default\">\n\t\t\t\t\t<div class=\"elementor-column elementor-col-50 elementor-inner-column elementor-element elementor-element-d4d5012\" data-id=\"d4d5012\" data-element_type=\"column\">\n\t\t\t<div class=\"elementor-widget-wrap elementor-element-populated\">\n\t\t\t\t\t\t<div class=\"elementor-element elementor-element-87d222e elementor-widget elementor-widget-text-editor\" data-id=\"87d222e\" data-element_type=\"widget\" data-widget_type=\"text-editor.default\">\n\t\t\t\t<div class=\"elementor-widget-container\">\n\t\t\t\t\t\t\t\t\t<h3>Professor:<\/h3><p style=\"text-align: left;\"><strong>Cesar Hauer Doetzer<\/strong>, engenheiro civil, formado pela UFPR. Consultor de valores mobili\u00e1rios (registro CVM), especialista em investimentos (CEA, ANBIMA) e gestor de carteiras (CFG e CGA, ANBIMA). Autor do livro \u201cEduca\u00e7\u00e3o financeira \u2013 a tr\u00edade do capital\u201d (editora CRV, 2019).<\/p>\t\t\t\t\t\t\t\t<\/div>\n\t\t\t\t<\/div>\n\t\t\t\t\t<\/div>\n\t\t<\/div>\n\t\t\t\t<div class=\"elementor-column elementor-col-50 elementor-inner-column elementor-element elementor-element-243a8db\" data-id=\"243a8db\" data-element_type=\"column\">\n\t\t\t<div class=\"elementor-widget-wrap elementor-element-populated\">\n\t\t\t\t\t\t<div class=\"elementor-element elementor-element-ce7e736 elementor-widget__width-initial elementor-widget elementor-widget-image\" data-id=\"ce7e736\" data-element_type=\"widget\" data-widget_type=\"image.default\">\n\t\t\t\t<div class=\"elementor-widget-container\">\n\t\t\t\t\t\t\t\t\t\t\t\t\t\t\t<img decoding=\"async\" width=\"319\" height=\"306\" src=\"https:\/\/escoladefinancascwb.com.br\/staging3\/wp-content\/uploads\/2022\/03\/curso.png\" class=\"attachment-large size-large wp-image-1820\" alt=\"\" srcset=\"https:\/\/escoladefinancascwb.com.br\/staging3\/wp-content\/uploads\/2022\/03\/curso.png 319w, https:\/\/escoladefinancascwb.com.br\/staging3\/wp-content\/uploads\/2022\/03\/curso-300x288.png 300w\" sizes=\"(max-width: 319px) 100vw, 319px\" \/>\t\t\t\t\t\t\t\t\t\t\t\t\t\t\t<\/div>\n\t\t\t\t<\/div>\n\t\t\t\t\t<\/div>\n\t\t<\/div>\n\t\t\t\t\t<\/div>\n\t\t<\/section>\n\t\t\t\t\t<\/div>\n\t\t<\/div>\n\t\t\t\t\t<\/div>\n\t\t<\/section>\n\t\t\t\t<\/div>\n\t\t","protected":false},"excerpt":{"rendered":"<p>Curso Forma\u00e7\u00e3o Investidor T\u00f3picos abordado no curso Forma\u00e7\u00e3o Investidor: 1 &#8211; Sistema Financeiro Nacional CMN BACEN CVM Tesouro Nacional Tesouro Direto COPOM B3 Mercado prim\u00e1rio Mercado secund\u00e1rio Corretoras SELIC\/CDI Meta Over Compara\u00e7\u00e3o Infla\u00e7\u00e3o IPCA IGPM 2 &#8211; Matem\u00e1tica financeira Conceito de juros Juros simples Juros compostos Taxas proporcionais e equivalentes Rela\u00e7\u00e3o entre juros, capital e&hellip; <br \/> <a class=\"read-more\" href=\"https:\/\/escoladefinancascwb.com.br\/staging3\/formacao-investidor\/\">Read more<\/a><\/p>\n","protected":false},"author":1,"featured_media":0,"parent":0,"menu_order":0,"comment_status":"closed","ping_status":"closed","template":"","meta":{"_joinchat":[],"footnotes":""},"class_list":["post-1794","page","type-page","status-publish","hentry"],"yoast_head":"<!-- This site is optimized with the Yoast SEO plugin v27.2 - https:\/\/yoast.com\/product\/yoast-seo-wordpress\/ -->\n<title>Forma\u00e7\u00e3o Investidor - Escola de Finan\u00e7as CWB<\/title>\n<meta name=\"description\" content=\"Curso voltado \u00e0 forma\u00e7\u00e3o de investidores, fornecendo amplo material sobre o mundo dos investimentos pessoais. Forma\u00e7\u00e3o investidor.\" \/>\n<meta name=\"robots\" content=\"index, follow, max-snippet:-1, max-image-preview:large, max-video-preview:-1\" \/>\n<link rel=\"canonical\" href=\"https:\/\/escoladefinancascwb.com.br\/staging3\/formacao-investidor\/\" \/>\n<meta property=\"og:locale\" content=\"pt_PT\" \/>\n<meta property=\"og:type\" content=\"article\" \/>\n<meta property=\"og:title\" content=\"Forma\u00e7\u00e3o Investidor - Escola de Finan\u00e7as CWB\" \/>\n<meta property=\"og:description\" content=\"Curso voltado \u00e0 forma\u00e7\u00e3o de investidores, fornecendo amplo material sobre o mundo dos investimentos pessoais. Forma\u00e7\u00e3o investidor.\" \/>\n<meta property=\"og:url\" content=\"https:\/\/escoladefinancascwb.com.br\/staging3\/formacao-investidor\/\" \/>\n<meta property=\"og:site_name\" content=\"Escola de Finan\u00e7as CWB\" \/>\n<meta property=\"article:modified_time\" content=\"2022-07-31T12:37:53+00:00\" \/>\n<meta property=\"og:image\" content=\"https:\/\/escoladefinancascwb.com.br\/staging3\/wp-content\/uploads\/2019\/04\/cursos-1024x431.jpeg\" \/>\n<meta name=\"twitter:card\" content=\"summary_large_image\" \/>\n<meta name=\"twitter:label1\" content=\"Tempo estimado de leitura\" \/>\n\t<meta name=\"twitter:data1\" content=\"3 minutos\" \/>\n<script type=\"application\/ld+json\" class=\"yoast-schema-graph\">{\"@context\":\"https:\/\/schema.org\",\"@graph\":[{\"@type\":\"WebPage\",\"@id\":\"https:\/\/escoladefinancascwb.com.br\/staging3\/formacao-investidor\/\",\"url\":\"https:\/\/escoladefinancascwb.com.br\/staging3\/formacao-investidor\/\",\"name\":\"Forma\u00e7\u00e3o Investidor - Escola de Finan\u00e7as CWB\",\"isPartOf\":{\"@id\":\"https:\/\/escoladefinancascwb.com.br\/staging3\/#website\"},\"primaryImageOfPage\":{\"@id\":\"https:\/\/escoladefinancascwb.com.br\/staging3\/formacao-investidor\/#primaryimage\"},\"image\":{\"@id\":\"https:\/\/escoladefinancascwb.com.br\/staging3\/formacao-investidor\/#primaryimage\"},\"thumbnailUrl\":\"https:\/\/escoladefinancascwb.com.br\/staging3\/wp-content\/uploads\/2019\/04\/cursos-1024x431.jpeg\",\"datePublished\":\"2022-03-31T12:31:11+00:00\",\"dateModified\":\"2022-07-31T12:37:53+00:00\",\"description\":\"Curso voltado \u00e0 forma\u00e7\u00e3o de investidores, fornecendo amplo material sobre o mundo dos investimentos pessoais. Forma\u00e7\u00e3o investidor.\",\"breadcrumb\":{\"@id\":\"https:\/\/escoladefinancascwb.com.br\/staging3\/formacao-investidor\/#breadcrumb\"},\"inLanguage\":\"pt-PT\",\"potentialAction\":[{\"@type\":\"ReadAction\",\"target\":[\"https:\/\/escoladefinancascwb.com.br\/staging3\/formacao-investidor\/\"]}]},{\"@type\":\"ImageObject\",\"inLanguage\":\"pt-PT\",\"@id\":\"https:\/\/escoladefinancascwb.com.br\/staging3\/formacao-investidor\/#primaryimage\",\"url\":\"https:\/\/escoladefinancascwb.com.br\/staging3\/wp-content\/uploads\/2019\/04\/cursos.jpeg\",\"contentUrl\":\"https:\/\/escoladefinancascwb.com.br\/staging3\/wp-content\/uploads\/2019\/04\/cursos.jpeg\",\"width\":2000,\"height\":841,\"caption\":\"Finan\u00e7as\"},{\"@type\":\"BreadcrumbList\",\"@id\":\"https:\/\/escoladefinancascwb.com.br\/staging3\/formacao-investidor\/#breadcrumb\",\"itemListElement\":[{\"@type\":\"ListItem\",\"position\":1,\"name\":\"In\u00edcio\",\"item\":\"https:\/\/escoladefinancascwb.com.br\/staging3\/\"},{\"@type\":\"ListItem\",\"position\":2,\"name\":\"Forma\u00e7\u00e3o Investidor\"}]},{\"@type\":\"WebSite\",\"@id\":\"https:\/\/escoladefinancascwb.com.br\/staging3\/#website\",\"url\":\"https:\/\/escoladefinancascwb.com.br\/staging3\/\",\"name\":\"Escola de Finan\u00e7as CWB\",\"description\":\"Cursos sobre finan\u00e7as pessoais e investimentos.\",\"publisher\":{\"@id\":\"https:\/\/escoladefinancascwb.com.br\/staging3\/#organization\"},\"potentialAction\":[{\"@type\":\"SearchAction\",\"target\":{\"@type\":\"EntryPoint\",\"urlTemplate\":\"https:\/\/escoladefinancascwb.com.br\/staging3\/?s={search_term_string}\"},\"query-input\":{\"@type\":\"PropertyValueSpecification\",\"valueRequired\":true,\"valueName\":\"search_term_string\"}}],\"inLanguage\":\"pt-PT\"},{\"@type\":\"Organization\",\"@id\":\"https:\/\/escoladefinancascwb.com.br\/staging3\/#organization\",\"name\":\"Escola de Finan\u00e7as CWB\",\"url\":\"https:\/\/escoladefinancascwb.com.br\/staging3\/\",\"logo\":{\"@type\":\"ImageObject\",\"inLanguage\":\"pt-PT\",\"@id\":\"https:\/\/escoladefinancascwb.com.br\/staging3\/#\/schema\/logo\/image\/\",\"url\":\"https:\/\/escoladefinancascwb.com.br\/staging3\/wp-content\/uploads\/2021\/09\/cropped-Parte-Redonda-2.png\",\"contentUrl\":\"https:\/\/escoladefinancascwb.com.br\/staging3\/wp-content\/uploads\/2021\/09\/cropped-Parte-Redonda-2.png\",\"width\":669,\"height\":478,\"caption\":\"Escola de Finan\u00e7as CWB\"},\"image\":{\"@id\":\"https:\/\/escoladefinancascwb.com.br\/staging3\/#\/schema\/logo\/image\/\"}}]}<\/script>\n<!-- \/ Yoast SEO plugin. -->","yoast_head_json":{"title":"Forma\u00e7\u00e3o Investidor - Escola de Finan\u00e7as CWB","description":"Curso voltado \u00e0 forma\u00e7\u00e3o de investidores, fornecendo amplo material sobre o mundo dos investimentos pessoais. Forma\u00e7\u00e3o investidor.","robots":{"index":"index","follow":"follow","max-snippet":"max-snippet:-1","max-image-preview":"max-image-preview:large","max-video-preview":"max-video-preview:-1"},"canonical":"https:\/\/escoladefinancascwb.com.br\/staging3\/formacao-investidor\/","og_locale":"pt_PT","og_type":"article","og_title":"Forma\u00e7\u00e3o Investidor - Escola de Finan\u00e7as CWB","og_description":"Curso voltado \u00e0 forma\u00e7\u00e3o de investidores, fornecendo amplo material sobre o mundo dos investimentos pessoais. Forma\u00e7\u00e3o investidor.","og_url":"https:\/\/escoladefinancascwb.com.br\/staging3\/formacao-investidor\/","og_site_name":"Escola de Finan\u00e7as CWB","article_modified_time":"2022-07-31T12:37:53+00:00","og_image":[{"url":"https:\/\/escoladefinancascwb.com.br\/staging3\/wp-content\/uploads\/2019\/04\/cursos-1024x431.jpeg","type":"","width":"","height":""}],"twitter_card":"summary_large_image","twitter_misc":{"Tempo estimado de leitura":"3 minutos"},"schema":{"@context":"https:\/\/schema.org","@graph":[{"@type":"WebPage","@id":"https:\/\/escoladefinancascwb.com.br\/staging3\/formacao-investidor\/","url":"https:\/\/escoladefinancascwb.com.br\/staging3\/formacao-investidor\/","name":"Forma\u00e7\u00e3o Investidor - Escola de Finan\u00e7as CWB","isPartOf":{"@id":"https:\/\/escoladefinancascwb.com.br\/staging3\/#website"},"primaryImageOfPage":{"@id":"https:\/\/escoladefinancascwb.com.br\/staging3\/formacao-investidor\/#primaryimage"},"image":{"@id":"https:\/\/escoladefinancascwb.com.br\/staging3\/formacao-investidor\/#primaryimage"},"thumbnailUrl":"https:\/\/escoladefinancascwb.com.br\/staging3\/wp-content\/uploads\/2019\/04\/cursos-1024x431.jpeg","datePublished":"2022-03-31T12:31:11+00:00","dateModified":"2022-07-31T12:37:53+00:00","description":"Curso voltado \u00e0 forma\u00e7\u00e3o de investidores, fornecendo amplo material sobre o mundo dos investimentos pessoais. Forma\u00e7\u00e3o investidor.","breadcrumb":{"@id":"https:\/\/escoladefinancascwb.com.br\/staging3\/formacao-investidor\/#breadcrumb"},"inLanguage":"pt-PT","potentialAction":[{"@type":"ReadAction","target":["https:\/\/escoladefinancascwb.com.br\/staging3\/formacao-investidor\/"]}]},{"@type":"ImageObject","inLanguage":"pt-PT","@id":"https:\/\/escoladefinancascwb.com.br\/staging3\/formacao-investidor\/#primaryimage","url":"https:\/\/escoladefinancascwb.com.br\/staging3\/wp-content\/uploads\/2019\/04\/cursos.jpeg","contentUrl":"https:\/\/escoladefinancascwb.com.br\/staging3\/wp-content\/uploads\/2019\/04\/cursos.jpeg","width":2000,"height":841,"caption":"Finan\u00e7as"},{"@type":"BreadcrumbList","@id":"https:\/\/escoladefinancascwb.com.br\/staging3\/formacao-investidor\/#breadcrumb","itemListElement":[{"@type":"ListItem","position":1,"name":"In\u00edcio","item":"https:\/\/escoladefinancascwb.com.br\/staging3\/"},{"@type":"ListItem","position":2,"name":"Forma\u00e7\u00e3o Investidor"}]},{"@type":"WebSite","@id":"https:\/\/escoladefinancascwb.com.br\/staging3\/#website","url":"https:\/\/escoladefinancascwb.com.br\/staging3\/","name":"Escola de Finan\u00e7as CWB","description":"Cursos sobre finan\u00e7as pessoais e investimentos.","publisher":{"@id":"https:\/\/escoladefinancascwb.com.br\/staging3\/#organization"},"potentialAction":[{"@type":"SearchAction","target":{"@type":"EntryPoint","urlTemplate":"https:\/\/escoladefinancascwb.com.br\/staging3\/?s={search_term_string}"},"query-input":{"@type":"PropertyValueSpecification","valueRequired":true,"valueName":"search_term_string"}}],"inLanguage":"pt-PT"},{"@type":"Organization","@id":"https:\/\/escoladefinancascwb.com.br\/staging3\/#organization","name":"Escola de Finan\u00e7as CWB","url":"https:\/\/escoladefinancascwb.com.br\/staging3\/","logo":{"@type":"ImageObject","inLanguage":"pt-PT","@id":"https:\/\/escoladefinancascwb.com.br\/staging3\/#\/schema\/logo\/image\/","url":"https:\/\/escoladefinancascwb.com.br\/staging3\/wp-content\/uploads\/2021\/09\/cropped-Parte-Redonda-2.png","contentUrl":"https:\/\/escoladefinancascwb.com.br\/staging3\/wp-content\/uploads\/2021\/09\/cropped-Parte-Redonda-2.png","width":669,"height":478,"caption":"Escola de Finan\u00e7as CWB"},"image":{"@id":"https:\/\/escoladefinancascwb.com.br\/staging3\/#\/schema\/logo\/image\/"}}]}},"_links":{"self":[{"href":"https:\/\/escoladefinancascwb.com.br\/staging3\/wp-json\/wp\/v2\/pages\/1794","targetHints":{"allow":["GET"]}}],"collection":[{"href":"https:\/\/escoladefinancascwb.com.br\/staging3\/wp-json\/wp\/v2\/pages"}],"about":[{"href":"https:\/\/escoladefinancascwb.com.br\/staging3\/wp-json\/wp\/v2\/types\/page"}],"author":[{"embeddable":true,"href":"https:\/\/escoladefinancascwb.com.br\/staging3\/wp-json\/wp\/v2\/users\/1"}],"replies":[{"embeddable":true,"href":"https:\/\/escoladefinancascwb.com.br\/staging3\/wp-json\/wp\/v2\/comments?post=1794"}],"version-history":[{"count":41,"href":"https:\/\/escoladefinancascwb.com.br\/staging3\/wp-json\/wp\/v2\/pages\/1794\/revisions"}],"predecessor-version":[{"id":2039,"href":"https:\/\/escoladefinancascwb.com.br\/staging3\/wp-json\/wp\/v2\/pages\/1794\/revisions\/2039"}],"wp:attachment":[{"href":"https:\/\/escoladefinancascwb.com.br\/staging3\/wp-json\/wp\/v2\/media?parent=1794"}],"curies":[{"name":"wp","href":"https:\/\/api.w.org\/{rel}","templated":true}]}}