{"id":1929,"date":"2022-07-30T16:49:26","date_gmt":"2022-07-30T19:49:26","guid":{"rendered":"https:\/\/escoladefinancascwb.com.br\/staging3\/?page_id=1929"},"modified":"2022-07-31T08:59:04","modified_gmt":"2022-07-31T11:59:04","slug":"pequenas-e-medias-empresas","status":"publish","type":"page","link":"https:\/\/escoladefinancascwb.com.br\/staging3\/pequenas-e-medias-empresas\/","title":{"rendered":"Finan\u00e7as para pequenas e m\u00e9dias empresas"},"content":{"rendered":"\t\t<div data-elementor-type=\"wp-page\" data-elementor-id=\"1929\" class=\"elementor elementor-1929\">\n\t\t\t\t\t\t<section class=\"elementor-section elementor-top-section elementor-element elementor-element-568d434 elementor-section-boxed elementor-section-height-default elementor-section-height-default\" data-id=\"568d434\" data-element_type=\"section\">\n\t\t\t\t\t\t<div class=\"elementor-container elementor-column-gap-default\">\n\t\t\t\t\t<div class=\"elementor-column elementor-col-100 elementor-top-column elementor-element elementor-element-af96f9a\" data-id=\"af96f9a\" data-element_type=\"column\">\n\t\t\t<div class=\"elementor-widget-wrap elementor-element-populated\">\n\t\t\t\t\t\t<section class=\"elementor-section elementor-inner-section elementor-element elementor-element-48b0621 elementor-section-boxed elementor-section-height-default elementor-section-height-default\" data-id=\"48b0621\" data-element_type=\"section\">\n\t\t\t\t\t\t<div class=\"elementor-container elementor-column-gap-default\">\n\t\t\t\t\t<div class=\"elementor-column elementor-col-50 elementor-inner-column elementor-element elementor-element-6642f90\" data-id=\"6642f90\" data-element_type=\"column\">\n\t\t\t<div class=\"elementor-widget-wrap elementor-element-populated\">\n\t\t\t\t\t\t<div class=\"elementor-element elementor-element-3b8e8a8 elementor-widget elementor-widget-text-editor\" data-id=\"3b8e8a8\" data-element_type=\"widget\" data-widget_type=\"text-editor.default\">\n\t\t\t\t<div class=\"elementor-widget-container\">\n\t\t\t\t\t\t\t\t\t<h2 class=\"udlite-heading-xl what-you-will-learn--title--hropy\"><span style=\"color: #000000;\">Finan\u00e7as para pequenas e m\u00e9dias empresas: o que voc\u00ea aprender\u00e1<\/span><\/h2><div class=\"what-you-will-learn--content-spacing--3btHJ\"><ul class=\"unstyled-list udlite-block-list what-you-will-learn--objectives-list--2cWZN what-you-will-learn--objectives-list-two-column-layout--7vG__\"><li><div class=\"udlite-block-list-item udlite-block-list-item-small udlite-block-list-item-tight udlite-block-list-item-neutral udlite-text-sm\" data-purpose=\"objective\"><div class=\"udlite-block-list-item-content\"><span class=\"what-you-will-learn--objective-item--ECarc\" style=\"color: #000000;\">Aplicar os conceitos de <a href=\"https:\/\/escoladefinancascwb.com.br\/staging3\/contato\/\">gest\u00e3o financeira<\/a> para melhorar os resultados de seu neg\u00f3cio.<\/span><\/div><\/div><\/li><li><div class=\"udlite-block-list-item udlite-block-list-item-small udlite-block-list-item-tight udlite-block-list-item-neutral udlite-text-sm\" data-purpose=\"objective\"><div class=\"udlite-block-list-item-content\"><span class=\"what-you-will-learn--objective-item--ECarc\" style=\"color: #000000;\">Entender os principais conceitos e como aplica-los no dia a dia de maneira simples e efetiva<\/span><\/div><\/div><\/li><li><div class=\"udlite-block-list-item udlite-block-list-item-small udlite-block-list-item-tight udlite-block-list-item-neutral udlite-text-sm\" data-purpose=\"objective\"><div class=\"udlite-block-list-item-content\"><span class=\"what-you-will-learn--objective-item--ECarc\" style=\"color: #000000;\">Saber usar indicadores de maneira que os resultados sejam melhorados<\/span><\/div><\/div><\/li><li><div class=\"udlite-block-list-item udlite-block-list-item-small udlite-block-list-item-tight udlite-block-list-item-neutral udlite-text-sm\" data-purpose=\"objective\"><div class=\"udlite-block-list-item-content\"><span class=\"what-you-will-learn--objective-item--ECarc\" style=\"color: #000000;\">Tomar decis\u00f5es mais assertivas a respeito dos resultados da empresa<\/span><\/div><\/div><\/li><\/ul><\/div>\t\t\t\t\t\t\t\t<\/div>\n\t\t\t\t<\/div>\n\t\t\t\t\t<\/div>\n\t\t<\/div>\n\t\t\t\t<div class=\"elementor-column elementor-col-50 elementor-inner-column elementor-element elementor-element-2b2a520\" data-id=\"2b2a520\" data-element_type=\"column\">\n\t\t\t<div class=\"elementor-widget-wrap elementor-element-populated\">\n\t\t\t\t\t\t<div class=\"elementor-element elementor-element-d22b0fc elementor-widget elementor-widget-image\" data-id=\"d22b0fc\" data-element_type=\"widget\" data-widget_type=\"image.default\">\n\t\t\t\t<div class=\"elementor-widget-container\">\n\t\t\t\t\t\t\t\t\t\t\t\t\t\t\t<img fetchpriority=\"high\" decoding=\"async\" width=\"512\" height=\"341\" src=\"https:\/\/escoladefinancascwb.com.br\/staging3\/wp-content\/uploads\/2021\/09\/unnamed-1.jpg\" class=\"attachment-large size-large wp-image-1064\" alt=\"\" srcset=\"https:\/\/escoladefinancascwb.com.br\/staging3\/wp-content\/uploads\/2021\/09\/unnamed-1.jpg 512w, https:\/\/escoladefinancascwb.com.br\/staging3\/wp-content\/uploads\/2021\/09\/unnamed-1-300x200.jpg 300w\" sizes=\"(max-width: 512px) 100vw, 512px\" \/>\t\t\t\t\t\t\t\t\t\t\t\t\t\t\t<\/div>\n\t\t\t\t<\/div>\n\t\t\t\t\t<\/div>\n\t\t<\/div>\n\t\t\t\t\t<\/div>\n\t\t<\/section>\n\t\t\t\t\t<\/div>\n\t\t<\/div>\n\t\t\t\t\t<\/div>\n\t\t<\/section>\n\t\t\t\t<section class=\"elementor-section elementor-top-section elementor-element elementor-element-adfb28b elementor-section-boxed elementor-section-height-default elementor-section-height-default\" data-id=\"adfb28b\" data-element_type=\"section\">\n\t\t\t\t\t\t<div class=\"elementor-container elementor-column-gap-default\">\n\t\t\t\t\t<div class=\"elementor-column elementor-col-50 elementor-top-column elementor-element elementor-element-35aea98\" data-id=\"35aea98\" data-element_type=\"column\">\n\t\t\t<div class=\"elementor-widget-wrap elementor-element-populated\">\n\t\t\t\t\t\t<div class=\"elementor-element elementor-element-bf0c7e9 elementor-widget elementor-widget-text-editor\" data-id=\"bf0c7e9\" data-element_type=\"widget\" data-widget_type=\"text-editor.default\">\n\t\t\t\t<div class=\"elementor-widget-container\">\n\t\t\t\t\t\t\t\t\t<h3><a href=\"https:\/\/escoladefinancascwb.com.br\/staging3\/contato\/\"><span style=\"color: #000000;\">Finan\u00e7as para pequenas e m\u00e9dias empresas<\/span><\/a><\/h3><p><span style=\"color: #000000;\">Fazer a\u00a0<a href=\"https:\/\/escoladefinancascwb.com.br\/staging3\/contato\/\"><strong>gest\u00e3o financeira de uma pequena empresa<\/strong><\/a> n\u00e3o \u00e9 uma tarefa f\u00e1cil, mas \u00e9 importante para seu neg\u00f3cio\u00a0 crescer ainda mais em 2022. Afinal, nenhuma empresa sobrevive sem controle eficaz de suas finan\u00e7as.<\/span><\/p><p><span style=\"color: #000000;\">Isso quer dizer que a gest\u00e3o financeira n\u00e3o \u00e9 importante apenas para m\u00e9dios e grandes neg\u00f3cios &#8211; ela tamb\u00e9m \u00e9 crucial para uma empresa pequena ou microempresa.<\/span><\/p><p><span style=\"color: #000000;\">\u00c9 essa administra\u00e7\u00e3o que permite criar planejamento estrat\u00e9gico, embasar decis\u00f5es, tra\u00e7ar metas para o futuro e ter dinheiro suficiente para se manter competitivo no mercado. Sem ela, pequenas empresas est\u00e3o suscet\u00edveis a ir \u00e0 fal\u00eancia \u200a\u2014 e o seu sonho de empreender pode ficar para tr\u00e1s por causa de uma m\u00e1 gest\u00e3o.<\/span><\/p><h3><a href=\"https:\/\/escoladefinancascwb.com.br\/staging3\/contato\/\"><strong><span style=\"color: #000000;\">T\u00f3picos abordados:<\/span><\/strong><\/a><\/h3><article class=\"programming__item\"><h4 class=\"programming__description\"><span style=\"color: #000000;\">FUNDAMENTOS DA ADMINISTRA\u00c7\u00c3O FINANCEIRA<\/span><\/h4><h4 class=\"programming__description\"><span style=\"color: #000000;\">APLICA\u00c7\u00c3O DOS CONCEITOS DE ECONOMIA E DE CONTABILIDADE NA GEST\u00c3O FINANCEIRA<\/span><\/h4><h4 class=\"programming__description\"><span style=\"color: #000000;\">FLUXO DE CAIXA<\/span><\/h4><h4 class=\"programming__description\"><span style=\"color: #000000;\">CARACTER\u00cdSTICAS DO FLUXO DE CAIXA<\/span><\/h4><h4 class=\"programming__description\"><span style=\"color: #000000;\">ESTRUTURA DO DEMONSTRATIVO DO FLUXO DE CAIXA<\/span><\/h4><h4 class=\"programming__description\"><span style=\"color: #000000;\">GERENCIANDO O FLUXO DE CAIXA<\/span><\/h4><h4 class=\"programming__description\"><span style=\"color: #000000;\">ELABORA\u00c7\u00c3O DO FLUXO DE CAIXA<\/span><\/h4><h4 class=\"programming__description\"><span style=\"color: #000000;\">CLASSIFICA\u00c7\u00c3O DOS FLUXOS DE CAIXA<\/span><\/h4><h4 class=\"programming__description\"><span style=\"color: #000000;\">EQUIVAL\u00caNCIA DE FLUXO DE CAIXA<\/span><\/h4><h4 class=\"programming__description\"><span style=\"color: #000000;\">COEFICIENTE DE FINANCIAMENTO<\/span><\/h4><h4 class=\"programming__description\"><span style=\"color: #000000;\">CUSTOS PARA TOMADA DE DECIS\u00d5ES<\/span><\/h4><h4 class=\"programming__description\"><span style=\"color: #000000;\">MARGEM DE CONTRIBUI\u00c7\u00c3O <\/span><\/h4><h4 class=\"programming__description\"><span style=\"color: #000000;\">PONTO DE EQUIL\u00cdBRIO \u2013 BREAK-EVEN POINT<\/span><\/h4><h4 class=\"programming__description\"><span style=\"color: #000000;\">FORMA\u00c7\u00c3O DO PRE\u00c7O DE VENDAS <\/span><\/h4><h4 class=\"programming__description\"><span style=\"color: #000000;\">AN\u00c1LISE DE INVESTIMENTO <\/span><\/h4><h4 class=\"programming__description\"><span style=\"color: #000000;\">VALOR PRESENTE L\u00cdQUIDO \u2013 VPL <\/span><\/h4><h4 class=\"programming__description\"><span style=\"color: #000000;\">TAXA INTERNA DE RETORNO \u2013 TIR <\/span><\/h4><h4 class=\"programming__description\"><span style=\"color: #000000;\">PER\u00cdODO DE RECUPERA\u00c7\u00c3O DE CAPITAL \u2013 PAYBACK <\/span><\/h4><h4 class=\"programming__description\"><span style=\"color: #000000;\">\u00cdNDICE DE LUCRATIVIDADE <\/span><\/h4><h4 class=\"programming__description\"><span style=\"color: #000000;\">FLUXO DE CAIXA DE UM PROJETO <\/span><\/h4><h4 class=\"programming__description\"><span style=\"color: #000000;\">CUSTO DO CAPITAL DO CREDOR E DO ACIONISTA<\/span><\/h4><\/article>\t\t\t\t\t\t\t\t<\/div>\n\t\t\t\t<\/div>\n\t\t\t\t\t<\/div>\n\t\t<\/div>\n\t\t\t\t<div class=\"elementor-column elementor-col-50 elementor-top-column elementor-element elementor-element-6ba32a2\" data-id=\"6ba32a2\" data-element_type=\"column\">\n\t\t\t<div class=\"elementor-widget-wrap elementor-element-populated\">\n\t\t\t\t\t\t<div class=\"elementor-element elementor-element-9f6b7de elementor-widget elementor-widget-text-editor\" data-id=\"9f6b7de\" data-element_type=\"widget\" data-widget_type=\"text-editor.default\">\n\t\t\t\t<div class=\"elementor-widget-container\">\n\t\t\t\t\t\t\t\t\t<h3><span style=\"color: #000000;\">Capital de giro<\/span><\/h3><p><span style=\"color: #000000;\">O capital de giro engloba todo o dinheiro que o neg\u00f3cio tem para utilizar. \u00c9 como se ele fosse uma reserva que garante o funcionamento da empresa.<\/span><\/p><p><span style=\"color: #000000;\">Com ele, voc\u00ea controla o que recebe das compras dos clientes para realizar os pagamentos da folha de pagamento, fazer compras de estoque, pagar contas como \u00e1gua e luz, e assim por diante.\u00a0<\/span><\/p><h3><span style=\"color: #000000;\">Contas a pagar e a receber<\/span><\/h3><p><span style=\"color: #000000;\">Para entender o seu capital de giro, tamb\u00e9m \u00e9 indispens\u00e1vel organizar aquilo que voc\u00ea precisa pagar e as contas a receber\u00a0dos clientes. Lembre-se que voc\u00ea deve ter controle dos recursos que entram e saem. S\u00f3 assim \u00e9 poss\u00edvel pagar as contas no momento que elas chegam.<\/span><\/p><h3><a href=\"https:\/\/www.sebrae.com.br\/\"><span style=\"color: #000000;\">Emiss\u00e3o de nota fiscal<\/span><\/a><\/h3><p><span style=\"color: #000000;\">As notas fiscais de produtos ou servi\u00e7os s\u00e3o obrigat\u00f3rias. \u00c9 por meio delas que seus impostos s\u00e3o calculados. Portanto, tenha <\/span><span style=\"color: #000000;\">um bom sistema para emitir as suas notas que mantenha tudo organizado para voc\u00ea n\u00e3o ter dificuldades na hora de declarar o Imposto de Renda, por exemplo.<\/span><\/p><h3><span style=\"color: #000000;\">Fluxo de caixa<\/span><\/h3><p><span style=\"color: #000000;\">Monitorar o fluxo de caixa \u00e9 ter um acompanhamento constante das entradas e sa\u00eddas de dinheiro do neg\u00f3cio.<\/span><\/p><p><span style=\"color: #000000;\">Com ele, voc\u00ea entende o comportamento financeiro da empresa, para fazer proje\u00e7\u00f5es e orientar melhor o seu planejamento. Isso \u00e9 indispens\u00e1vel para manter as contas em dia, planejar novos investimentos e garantir que as finan\u00e7as n\u00e3o entrem no vermelho.\u00a0<\/span><\/p><h3><a href=\"https:\/\/www.sebrae.com.br\/\"><span style=\"color: #000000;\">Gest\u00e3o de estoque<\/span><\/a><\/h3><p><span style=\"color: #000000;\">A gest\u00e3o de estoque\u00a0\u00e9 muito importante para entender como funciona a sa\u00edda de produtos do seu neg\u00f3cio.<\/span><\/p><p><span style=\"color: #000000;\">Esse entendimento permite equilibrar as compras daqueles que s\u00e3o mais e menos vendidos e garante o equil\u00edbrio do seu estoque. Afinal, tanto os produtos em falta quanto em excesso podem gerar preju\u00edzos.\u00a0<\/span><\/p><h3><span style=\"color: #000000;\">Planejamento financeiro<\/span><\/h3><p><span style=\"color: #000000;\">O planejamento est\u00e1 diretamente relacionado \u00e0 gest\u00e3o financeira de pequenas empresas.\u00a0<\/span><\/p><p><span style=\"color: #000000;\">Assim, \u00e9 necess\u00e1rio entender a situa\u00e7\u00e3o atual do neg\u00f3cio e suas expectativas, garantindo que os recursos sejam usados de forma estrat\u00e9gica. Sendo assim, ele \u00e9 o principal respons\u00e1vel por decis\u00f5es sobre investimentos, cortes de custos, controle financeiro e at\u00e9 mudan\u00e7as na gest\u00e3o da empresa.<\/span><\/p>\t\t\t\t\t\t\t\t<\/div>\n\t\t\t\t<\/div>\n\t\t\t\t\t<\/div>\n\t\t<\/div>\n\t\t\t\t\t<\/div>\n\t\t<\/section>\n\t\t\t\t<\/div>\n\t\t","protected":false},"excerpt":{"rendered":"<p>Finan\u00e7as para pequenas e m\u00e9dias empresas: o que voc\u00ea aprender\u00e1 Aplicar os conceitos de gest\u00e3o financeira para melhorar os resultados de seu neg\u00f3cio. Entender os principais conceitos e como aplica-los no dia a dia de maneira simples e efetiva Saber usar indicadores de maneira que os resultados sejam melhorados Tomar decis\u00f5es mais assertivas a respeito&hellip; <br \/> <a class=\"read-more\" href=\"https:\/\/escoladefinancascwb.com.br\/staging3\/pequenas-e-medias-empresas\/\">Read more<\/a><\/p>\n","protected":false},"author":1,"featured_media":0,"parent":0,"menu_order":0,"comment_status":"closed","ping_status":"closed","template":"","meta":{"_joinchat":[],"footnotes":""},"class_list":["post-1929","page","type-page","status-publish","hentry"],"yoast_head":"<!-- This site is optimized with the Yoast SEO plugin v27.2 - https:\/\/yoast.com\/product\/yoast-seo-wordpress\/ -->\n<title>Finan\u00e7as para pequenas e m\u00e9dias empresas - Escola de Finan\u00e7as CWB<\/title>\n<meta name=\"description\" content=\"Nenhuma empresa sobrevive sem controle eficaz de suas finan\u00e7as. Aprenda o essencial sobre finan\u00e7as para pequenas e m\u00e9dias empresas.\" \/>\n<meta name=\"robots\" content=\"index, follow, max-snippet:-1, max-image-preview:large, max-video-preview:-1\" \/>\n<link rel=\"canonical\" href=\"https:\/\/escoladefinancascwb.com.br\/staging3\/pequenas-e-medias-empresas\/\" \/>\n<meta property=\"og:locale\" content=\"pt_PT\" \/>\n<meta property=\"og:type\" content=\"article\" \/>\n<meta property=\"og:title\" content=\"Finan\u00e7as para pequenas e m\u00e9dias empresas - Escola de Finan\u00e7as CWB\" \/>\n<meta property=\"og:description\" content=\"Nenhuma empresa sobrevive sem controle eficaz de suas finan\u00e7as. Aprenda o essencial sobre finan\u00e7as para pequenas e m\u00e9dias empresas.\" \/>\n<meta property=\"og:url\" content=\"https:\/\/escoladefinancascwb.com.br\/staging3\/pequenas-e-medias-empresas\/\" \/>\n<meta property=\"og:site_name\" content=\"Escola de Finan\u00e7as CWB\" \/>\n<meta property=\"article:modified_time\" content=\"2022-07-31T11:59:04+00:00\" \/>\n<meta property=\"og:image\" content=\"https:\/\/escoladefinancascwb.com.br\/staging3\/wp-content\/uploads\/2021\/09\/unnamed-1.jpg\" \/>\n<meta name=\"twitter:card\" content=\"summary_large_image\" \/>\n<meta name=\"twitter:label1\" content=\"Tempo estimado de leitura\" \/>\n\t<meta name=\"twitter:data1\" content=\"4 minutos\" \/>\n<script type=\"application\/ld+json\" class=\"yoast-schema-graph\">{\"@context\":\"https:\/\/schema.org\",\"@graph\":[{\"@type\":\"WebPage\",\"@id\":\"https:\/\/escoladefinancascwb.com.br\/staging3\/pequenas-e-medias-empresas\/\",\"url\":\"https:\/\/escoladefinancascwb.com.br\/staging3\/pequenas-e-medias-empresas\/\",\"name\":\"Finan\u00e7as para pequenas e m\u00e9dias empresas - Escola de Finan\u00e7as CWB\",\"isPartOf\":{\"@id\":\"https:\/\/escoladefinancascwb.com.br\/staging3\/#website\"},\"primaryImageOfPage\":{\"@id\":\"https:\/\/escoladefinancascwb.com.br\/staging3\/pequenas-e-medias-empresas\/#primaryimage\"},\"image\":{\"@id\":\"https:\/\/escoladefinancascwb.com.br\/staging3\/pequenas-e-medias-empresas\/#primaryimage\"},\"thumbnailUrl\":\"https:\/\/escoladefinancascwb.com.br\/staging3\/wp-content\/uploads\/2021\/09\/unnamed-1.jpg\",\"datePublished\":\"2022-07-30T19:49:26+00:00\",\"dateModified\":\"2022-07-31T11:59:04+00:00\",\"description\":\"Nenhuma empresa sobrevive sem controle eficaz de suas finan\u00e7as. Aprenda o essencial sobre finan\u00e7as para pequenas e m\u00e9dias empresas.\",\"breadcrumb\":{\"@id\":\"https:\/\/escoladefinancascwb.com.br\/staging3\/pequenas-e-medias-empresas\/#breadcrumb\"},\"inLanguage\":\"pt-PT\",\"potentialAction\":[{\"@type\":\"ReadAction\",\"target\":[\"https:\/\/escoladefinancascwb.com.br\/staging3\/pequenas-e-medias-empresas\/\"]}]},{\"@type\":\"ImageObject\",\"inLanguage\":\"pt-PT\",\"@id\":\"https:\/\/escoladefinancascwb.com.br\/staging3\/pequenas-e-medias-empresas\/#primaryimage\",\"url\":\"https:\/\/escoladefinancascwb.com.br\/staging3\/wp-content\/uploads\/2021\/09\/unnamed-1.jpg\",\"contentUrl\":\"https:\/\/escoladefinancascwb.com.br\/staging3\/wp-content\/uploads\/2021\/09\/unnamed-1.jpg\",\"width\":512,\"height\":341,\"caption\":\"Financial graphs and charts; Shutterstock ID 110616992; PO: aol; Job: production; Client: drone\"},{\"@type\":\"BreadcrumbList\",\"@id\":\"https:\/\/escoladefinancascwb.com.br\/staging3\/pequenas-e-medias-empresas\/#breadcrumb\",\"itemListElement\":[{\"@type\":\"ListItem\",\"position\":1,\"name\":\"In\u00edcio\",\"item\":\"https:\/\/escoladefinancascwb.com.br\/staging3\/\"},{\"@type\":\"ListItem\",\"position\":2,\"name\":\"Finan\u00e7as para pequenas e m\u00e9dias empresas\"}]},{\"@type\":\"WebSite\",\"@id\":\"https:\/\/escoladefinancascwb.com.br\/staging3\/#website\",\"url\":\"https:\/\/escoladefinancascwb.com.br\/staging3\/\",\"name\":\"Escola de Finan\u00e7as CWB\",\"description\":\"Cursos sobre finan\u00e7as pessoais e investimentos.\",\"publisher\":{\"@id\":\"https:\/\/escoladefinancascwb.com.br\/staging3\/#organization\"},\"potentialAction\":[{\"@type\":\"SearchAction\",\"target\":{\"@type\":\"EntryPoint\",\"urlTemplate\":\"https:\/\/escoladefinancascwb.com.br\/staging3\/?s={search_term_string}\"},\"query-input\":{\"@type\":\"PropertyValueSpecification\",\"valueRequired\":true,\"valueName\":\"search_term_string\"}}],\"inLanguage\":\"pt-PT\"},{\"@type\":\"Organization\",\"@id\":\"https:\/\/escoladefinancascwb.com.br\/staging3\/#organization\",\"name\":\"Escola de Finan\u00e7as CWB\",\"url\":\"https:\/\/escoladefinancascwb.com.br\/staging3\/\",\"logo\":{\"@type\":\"ImageObject\",\"inLanguage\":\"pt-PT\",\"@id\":\"https:\/\/escoladefinancascwb.com.br\/staging3\/#\/schema\/logo\/image\/\",\"url\":\"https:\/\/escoladefinancascwb.com.br\/staging3\/wp-content\/uploads\/2021\/09\/cropped-Parte-Redonda-2.png\",\"contentUrl\":\"https:\/\/escoladefinancascwb.com.br\/staging3\/wp-content\/uploads\/2021\/09\/cropped-Parte-Redonda-2.png\",\"width\":669,\"height\":478,\"caption\":\"Escola de Finan\u00e7as CWB\"},\"image\":{\"@id\":\"https:\/\/escoladefinancascwb.com.br\/staging3\/#\/schema\/logo\/image\/\"}}]}<\/script>\n<!-- \/ Yoast SEO plugin. -->","yoast_head_json":{"title":"Finan\u00e7as para pequenas e m\u00e9dias empresas - Escola de Finan\u00e7as CWB","description":"Nenhuma empresa sobrevive sem controle eficaz de suas finan\u00e7as. Aprenda o essencial sobre finan\u00e7as para pequenas e m\u00e9dias empresas.","robots":{"index":"index","follow":"follow","max-snippet":"max-snippet:-1","max-image-preview":"max-image-preview:large","max-video-preview":"max-video-preview:-1"},"canonical":"https:\/\/escoladefinancascwb.com.br\/staging3\/pequenas-e-medias-empresas\/","og_locale":"pt_PT","og_type":"article","og_title":"Finan\u00e7as para pequenas e m\u00e9dias empresas - Escola de Finan\u00e7as CWB","og_description":"Nenhuma empresa sobrevive sem controle eficaz de suas finan\u00e7as. Aprenda o essencial sobre finan\u00e7as para pequenas e m\u00e9dias empresas.","og_url":"https:\/\/escoladefinancascwb.com.br\/staging3\/pequenas-e-medias-empresas\/","og_site_name":"Escola de Finan\u00e7as CWB","article_modified_time":"2022-07-31T11:59:04+00:00","og_image":[{"url":"https:\/\/escoladefinancascwb.com.br\/staging3\/wp-content\/uploads\/2021\/09\/unnamed-1.jpg","type":"","width":"","height":""}],"twitter_card":"summary_large_image","twitter_misc":{"Tempo estimado de leitura":"4 minutos"},"schema":{"@context":"https:\/\/schema.org","@graph":[{"@type":"WebPage","@id":"https:\/\/escoladefinancascwb.com.br\/staging3\/pequenas-e-medias-empresas\/","url":"https:\/\/escoladefinancascwb.com.br\/staging3\/pequenas-e-medias-empresas\/","name":"Finan\u00e7as para pequenas e m\u00e9dias empresas - Escola de Finan\u00e7as CWB","isPartOf":{"@id":"https:\/\/escoladefinancascwb.com.br\/staging3\/#website"},"primaryImageOfPage":{"@id":"https:\/\/escoladefinancascwb.com.br\/staging3\/pequenas-e-medias-empresas\/#primaryimage"},"image":{"@id":"https:\/\/escoladefinancascwb.com.br\/staging3\/pequenas-e-medias-empresas\/#primaryimage"},"thumbnailUrl":"https:\/\/escoladefinancascwb.com.br\/staging3\/wp-content\/uploads\/2021\/09\/unnamed-1.jpg","datePublished":"2022-07-30T19:49:26+00:00","dateModified":"2022-07-31T11:59:04+00:00","description":"Nenhuma empresa sobrevive sem controle eficaz de suas finan\u00e7as. Aprenda o essencial sobre finan\u00e7as para pequenas e m\u00e9dias empresas.","breadcrumb":{"@id":"https:\/\/escoladefinancascwb.com.br\/staging3\/pequenas-e-medias-empresas\/#breadcrumb"},"inLanguage":"pt-PT","potentialAction":[{"@type":"ReadAction","target":["https:\/\/escoladefinancascwb.com.br\/staging3\/pequenas-e-medias-empresas\/"]}]},{"@type":"ImageObject","inLanguage":"pt-PT","@id":"https:\/\/escoladefinancascwb.com.br\/staging3\/pequenas-e-medias-empresas\/#primaryimage","url":"https:\/\/escoladefinancascwb.com.br\/staging3\/wp-content\/uploads\/2021\/09\/unnamed-1.jpg","contentUrl":"https:\/\/escoladefinancascwb.com.br\/staging3\/wp-content\/uploads\/2021\/09\/unnamed-1.jpg","width":512,"height":341,"caption":"Financial graphs and charts; Shutterstock ID 110616992; PO: aol; Job: production; Client: drone"},{"@type":"BreadcrumbList","@id":"https:\/\/escoladefinancascwb.com.br\/staging3\/pequenas-e-medias-empresas\/#breadcrumb","itemListElement":[{"@type":"ListItem","position":1,"name":"In\u00edcio","item":"https:\/\/escoladefinancascwb.com.br\/staging3\/"},{"@type":"ListItem","position":2,"name":"Finan\u00e7as para pequenas e m\u00e9dias empresas"}]},{"@type":"WebSite","@id":"https:\/\/escoladefinancascwb.com.br\/staging3\/#website","url":"https:\/\/escoladefinancascwb.com.br\/staging3\/","name":"Escola de Finan\u00e7as CWB","description":"Cursos sobre finan\u00e7as pessoais e investimentos.","publisher":{"@id":"https:\/\/escoladefinancascwb.com.br\/staging3\/#organization"},"potentialAction":[{"@type":"SearchAction","target":{"@type":"EntryPoint","urlTemplate":"https:\/\/escoladefinancascwb.com.br\/staging3\/?s={search_term_string}"},"query-input":{"@type":"PropertyValueSpecification","valueRequired":true,"valueName":"search_term_string"}}],"inLanguage":"pt-PT"},{"@type":"Organization","@id":"https:\/\/escoladefinancascwb.com.br\/staging3\/#organization","name":"Escola de Finan\u00e7as CWB","url":"https:\/\/escoladefinancascwb.com.br\/staging3\/","logo":{"@type":"ImageObject","inLanguage":"pt-PT","@id":"https:\/\/escoladefinancascwb.com.br\/staging3\/#\/schema\/logo\/image\/","url":"https:\/\/escoladefinancascwb.com.br\/staging3\/wp-content\/uploads\/2021\/09\/cropped-Parte-Redonda-2.png","contentUrl":"https:\/\/escoladefinancascwb.com.br\/staging3\/wp-content\/uploads\/2021\/09\/cropped-Parte-Redonda-2.png","width":669,"height":478,"caption":"Escola de Finan\u00e7as CWB"},"image":{"@id":"https:\/\/escoladefinancascwb.com.br\/staging3\/#\/schema\/logo\/image\/"}}]}},"_links":{"self":[{"href":"https:\/\/escoladefinancascwb.com.br\/staging3\/wp-json\/wp\/v2\/pages\/1929","targetHints":{"allow":["GET"]}}],"collection":[{"href":"https:\/\/escoladefinancascwb.com.br\/staging3\/wp-json\/wp\/v2\/pages"}],"about":[{"href":"https:\/\/escoladefinancascwb.com.br\/staging3\/wp-json\/wp\/v2\/types\/page"}],"author":[{"embeddable":true,"href":"https:\/\/escoladefinancascwb.com.br\/staging3\/wp-json\/wp\/v2\/users\/1"}],"replies":[{"embeddable":true,"href":"https:\/\/escoladefinancascwb.com.br\/staging3\/wp-json\/wp\/v2\/comments?post=1929"}],"version-history":[{"count":57,"href":"https:\/\/escoladefinancascwb.com.br\/staging3\/wp-json\/wp\/v2\/pages\/1929\/revisions"}],"predecessor-version":[{"id":2008,"href":"https:\/\/escoladefinancascwb.com.br\/staging3\/wp-json\/wp\/v2\/pages\/1929\/revisions\/2008"}],"wp:attachment":[{"href":"https:\/\/escoladefinancascwb.com.br\/staging3\/wp-json\/wp\/v2\/media?parent=1929"}],"curies":[{"name":"wp","href":"https:\/\/api.w.org\/{rel}","templated":true}]}}