{"id":505,"date":"2019-04-07T12:21:22","date_gmt":"2019-04-07T12:21:22","guid":{"rendered":"https:\/\/escoladefinancascwb.com.br\/staging3\/?page_id=505"},"modified":"2022-07-30T16:02:08","modified_gmt":"2022-07-30T19:02:08","slug":"contato","status":"publish","type":"page","link":"https:\/\/escoladefinancascwb.com.br\/staging3\/contato\/","title":{"rendered":"Contato"},"content":{"rendered":"\t\t<div data-elementor-type=\"wp-post\" data-elementor-id=\"505\" class=\"elementor elementor-505\">\n\t\t\t\t\t\t<section class=\"elementor-section elementor-top-section elementor-element elementor-element-e052f32 elementor-section-boxed elementor-section-height-default elementor-section-height-default\" data-id=\"e052f32\" data-element_type=\"section\" data-settings=\"{&quot;background_background&quot;:&quot;classic&quot;}\">\n\t\t\t\t\t\t<div class=\"elementor-container elementor-column-gap-default\">\n\t\t\t\t\t<footer class=\"elementor-column elementor-col-100 elementor-top-column elementor-element elementor-element-8956650\" data-id=\"8956650\" data-element_type=\"column\">\n\t\t\t<div class=\"elementor-widget-wrap\">\n\t\t\t\t\t\t\t<\/div>\n\t\t<\/footer>\n\t\t\t\t\t<\/div>\n\t\t<\/section>\n\t\t\t\t<section class=\"elementor-section elementor-top-section elementor-element elementor-element-185531bb elementor-section-boxed elementor-section-height-default elementor-section-height-default\" data-id=\"185531bb\" data-element_type=\"section\" data-settings=\"{&quot;background_background&quot;:&quot;classic&quot;}\">\n\t\t\t\t\t\t<div class=\"elementor-container elementor-column-gap-default\">\n\t\t\t\t\t<div class=\"elementor-column elementor-col-100 elementor-top-column elementor-element elementor-element-5f9a9857\" data-id=\"5f9a9857\" data-element_type=\"column\">\n\t\t\t<div class=\"elementor-widget-wrap elementor-element-populated\">\n\t\t\t\t\t\t<div class=\"elementor-element elementor-element-2b6809da elementor-widget elementor-widget-menu-anchor\" data-id=\"2b6809da\" data-element_type=\"widget\" data-widget_type=\"menu-anchor.default\">\n\t\t\t\t<div class=\"elementor-widget-container\">\n\t\t\t\t\t\t\t<div class=\"elementor-menu-anchor\" id=\"home\"><\/div>\n\t\t\t\t\t\t<\/div>\n\t\t\t\t<\/div>\n\t\t\t\t<div class=\"elementor-element elementor-element-5ff9f7e5 elementor-widget__width-inherit elementor-invisible elementor-widget elementor-widget-heading\" data-id=\"5ff9f7e5\" data-element_type=\"widget\" data-settings=\"{&quot;_animation&quot;:&quot;fadeIn&quot;,&quot;_animation_delay&quot;:200}\" data-widget_type=\"heading.default\">\n\t\t\t\t<div class=\"elementor-widget-container\">\n\t\t\t\t\t<h1 class=\"elementor-heading-title elementor-size-small\">Contato<\/h1>\t\t\t\t<\/div>\n\t\t\t\t<\/div>\n\t\t\t\t<div class=\"elementor-element elementor-element-352b9deb elementor-widget-divider--view-line elementor-widget elementor-widget-divider\" data-id=\"352b9deb\" data-element_type=\"widget\" data-widget_type=\"divider.default\">\n\t\t\t\t<div class=\"elementor-widget-container\">\n\t\t\t\t\t\t\t<div class=\"elementor-divider\">\n\t\t\t<span class=\"elementor-divider-separator\">\n\t\t\t\t\t\t<\/span>\n\t\t<\/div>\n\t\t\t\t\t\t<\/div>\n\t\t\t\t<\/div>\n\t\t\t\t<div class=\"elementor-element elementor-element-7a87a67b elementor-widget elementor-widget-heading\" data-id=\"7a87a67b\" data-element_type=\"widget\" data-widget_type=\"heading.default\">\n\t\t\t\t<div class=\"elementor-widget-container\">\n\t\t\t\t\t<h3 class=\"elementor-heading-title elementor-size-large\">Preencha o formul\u00e1rio abaixo com a op\u00e7\u00e3o do curso de sua escolha que entraremos em contato.<br><br><\/h3>\t\t\t\t<\/div>\n\t\t\t\t<\/div>\n\t\t\t\t\t<\/div>\n\t\t<\/div>\n\t\t\t\t\t<\/div>\n\t\t<\/section>\n\t\t\t\t<section class=\"elementor-section elementor-top-section elementor-element elementor-element-489fb5c7 elementor-section-full_width elementor-section-height-min-height elementor-section-items-stretch elementor-section-content-middle elementor-section-height-default\" data-id=\"489fb5c7\" data-element_type=\"section\">\n\t\t\t\t\t\t<div class=\"elementor-container elementor-column-gap-default\">\n\t\t\t\t\t<div class=\"elementor-column elementor-col-33 elementor-top-column elementor-element elementor-element-707eb7a0\" data-id=\"707eb7a0\" data-element_type=\"column\" data-settings=\"{&quot;background_background&quot;:&quot;none&quot;}\">\n\t\t\t<div class=\"elementor-widget-wrap elementor-element-populated\">\n\t\t\t\t\t\t\t<\/div>\n\t\t<\/div>\n\t\t\t\t<div class=\"elementor-column elementor-col-66 elementor-top-column elementor-element elementor-element-1ee6806e\" data-id=\"1ee6806e\" data-element_type=\"column\" data-settings=\"{&quot;background_background&quot;:&quot;classic&quot;}\">\n\t\t\t<div class=\"elementor-widget-wrap elementor-element-populated\">\n\t\t\t\t\t\t<div class=\"elementor-element elementor-element-1fab4713 elementor-align-right elementor-icon-list--layout-traditional elementor-list-item-link-full_width elementor-widget elementor-widget-icon-list\" data-id=\"1fab4713\" data-element_type=\"widget\" data-widget_type=\"icon-list.default\">\n\t\t\t\t<div class=\"elementor-widget-container\">\n\t\t\t\t\t\t\t<ul class=\"elementor-icon-list-items\">\n\t\t\t\t\t\t\t<li class=\"elementor-icon-list-item\">\n\t\t\t\t\t\t\t\t\t\t\t<span class=\"elementor-icon-list-icon\">\n\t\t\t\t\t\t\t<i aria-hidden=\"true\" class=\"far fa-envelope\"><\/i>\t\t\t\t\t\t<\/span>\n\t\t\t\t\t\t\t\t\t\t<span class=\"elementor-icon-list-text\">escoladefinancascwb@gmail.com<\/span>\n\t\t\t\t\t\t\t\t\t<\/li>\n\t\t\t\t\t\t\t\t<li class=\"elementor-icon-list-item\">\n\t\t\t\t\t\t\t\t\t\t\t<span class=\"elementor-icon-list-icon\">\n\t\t\t\t\t\t\t<i aria-hidden=\"true\" class=\"fas fa-phone\"><\/i>\t\t\t\t\t\t<\/span>\n\t\t\t\t\t\t\t\t\t\t<span class=\"elementor-icon-list-text\">(41) 99941-3553<\/span>\n\t\t\t\t\t\t\t\t\t<\/li>\n\t\t\t\t\t\t<\/ul>\n\t\t\t\t\t\t<\/div>\n\t\t\t\t<\/div>\n\t\t\t\t\t<\/div>\n\t\t<\/div>\n\t\t\t\t\t<\/div>\n\t\t<\/section>\n\t\t\t\t<section class=\"elementor-section elementor-top-section elementor-element elementor-element-4affc949 elementor-section-content-middle elementor-section-boxed elementor-section-height-default elementor-section-height-default\" data-id=\"4affc949\" data-element_type=\"section\">\n\t\t\t\t\t\t<div class=\"elementor-container elementor-column-gap-no\">\n\t\t\t\t\t<div class=\"elementor-column elementor-col-50 elementor-top-column elementor-element elementor-element-6e622d17\" data-id=\"6e622d17\" data-element_type=\"column\">\n\t\t\t<div class=\"elementor-widget-wrap elementor-element-populated\">\n\t\t\t\t\t\t<div class=\"elementor-element elementor-element-51afdb5f elementor-widget elementor-widget-google_maps\" data-id=\"51afdb5f\" data-element_type=\"widget\" data-widget_type=\"google_maps.default\">\n\t\t\t\t<div class=\"elementor-widget-container\">\n\t\t\t\t\t\t\t<div class=\"elementor-custom-embed\">\n\t\t\t<iframe loading=\"lazy\"\n\t\t\t\t\tsrc=\"https:\/\/maps.google.com\/maps?q=Rua%20gra%20nicco%2C%20113%2C%20bloco01%2C%20sala%20404%2C%20ecoville%2C%20curitiba&#038;t=m&#038;z=13&#038;output=embed&#038;iwloc=near\"\n\t\t\t\t\ttitle=\"Rua gra nicco, 113, bloco01, sala 404, ecoville, curitiba\"\n\t\t\t\t\taria-label=\"Rua gra nicco, 113, bloco01, sala 404, ecoville, curitiba\"\n\t\t\t><\/iframe>\n\t\t<\/div>\n\t\t\t\t\t\t<\/div>\n\t\t\t\t<\/div>\n\t\t\t\t\t<\/div>\n\t\t<\/div>\n\t\t\t\t<div class=\"elementor-column elementor-col-50 elementor-top-column elementor-element elementor-element-5fed1792\" data-id=\"5fed1792\" data-element_type=\"column\">\n\t\t\t<div class=\"elementor-widget-wrap elementor-element-populated\">\n\t\t\t\t\t\t<div class=\"elementor-element elementor-element-67d55ef1 elementor-widget elementor-widget-heading\" data-id=\"67d55ef1\" data-element_type=\"widget\" data-widget_type=\"heading.default\">\n\t\t\t\t<div class=\"elementor-widget-container\">\n\t\t\t\t\t<p class=\"elementor-heading-title elementor-size-large\">Rua Gra Nicco, 113, BL01, Sl 404<\/br>Ecoville, Curitiba,Parana<\/br> CEP 81200-200<\/p>\t\t\t\t<\/div>\n\t\t\t\t<\/div>\n\t\t\t\t\t<\/div>\n\t\t<\/div>\n\t\t\t\t\t<\/div>\n\t\t<\/section>\n\t\t\t\t<section class=\"elementor-section elementor-top-section elementor-element elementor-element-597f8ecc elementor-section-full_width elementor-section-height-min-height elementor-section-items-stretch elementor-section-content-middle elementor-section-height-default\" data-id=\"597f8ecc\" data-element_type=\"section\">\n\t\t\t\t\t\t<div class=\"elementor-container elementor-column-gap-default\">\n\t\t\t\t\t<div class=\"elementor-column elementor-col-50 elementor-top-column elementor-element elementor-element-1ae66cf2\" data-id=\"1ae66cf2\" data-element_type=\"column\">\n\t\t\t<div class=\"elementor-widget-wrap\">\n\t\t\t\t\t\t\t<\/div>\n\t\t<\/div>\n\t\t\t\t<div class=\"elementor-column elementor-col-50 elementor-top-column elementor-element elementor-element-3d165d4b\" data-id=\"3d165d4b\" data-element_type=\"column\">\n\t\t\t<div class=\"elementor-widget-wrap elementor-element-populated\">\n\t\t\t\t\t\t<section class=\"elementor-section elementor-inner-section elementor-element elementor-element-db3efcb elementor-section-height-default elementor-section-content-middle elementor-section-boxed elementor-section-height-default\" data-id=\"db3efcb\" data-element_type=\"section\">\n\t\t\t\t\t\t<div class=\"elementor-container elementor-column-gap-extended\">\n\t\t\t\t\t<div class=\"elementor-column elementor-col-50 elementor-inner-column elementor-element elementor-element-18a5ec49 elementor-sm-33\" data-id=\"18a5ec49\" data-element_type=\"column\">\n\t\t\t<div class=\"elementor-widget-wrap elementor-element-populated\">\n\t\t\t\t\t\t<div class=\"elementor-element elementor-element-1e64d7db elementor-view-default elementor-widget elementor-widget-icon\" data-id=\"1e64d7db\" data-element_type=\"widget\" data-widget_type=\"icon.default\">\n\t\t\t\t<div class=\"elementor-widget-container\">\n\t\t\t\t\t\t\t<div class=\"elementor-icon-wrapper\">\n\t\t\t<div class=\"elementor-icon\">\n\t\t\t\t\t\t\t<i class=\"fa fa-facebook\" aria-hidden=\"true\"><\/i>\n\t\t\t\t\t\t<\/div>\n\t\t<\/div>\n\t\t\t\t\t\t<\/div>\n\t\t\t\t<\/div>\n\t\t\t\t<div class=\"elementor-element elementor-element-7ef4ed94 elementor-widget elementor-widget-heading\" data-id=\"7ef4ed94\" data-element_type=\"widget\" data-widget_type=\"heading.default\">\n\t\t\t\t<div class=\"elementor-widget-container\">\n\t\t\t\t\t<h5 class=\"elementor-heading-title elementor-size-large\">Facebook<\/h5>\t\t\t\t<\/div>\n\t\t\t\t<\/div>\n\t\t\t\t\t<\/div>\n\t\t<\/div>\n\t\t\t\t<div class=\"elementor-column elementor-col-25 elementor-inner-column elementor-element elementor-element-2431a76 elementor-sm-33\" data-id=\"2431a76\" data-element_type=\"column\">\n\t\t\t<div class=\"elementor-widget-wrap elementor-element-populated\">\n\t\t\t\t\t\t<div class=\"elementor-element elementor-element-e2eeb82 elementor-view-default elementor-widget elementor-widget-icon\" data-id=\"e2eeb82\" data-element_type=\"widget\" data-widget_type=\"icon.default\">\n\t\t\t\t<div class=\"elementor-widget-container\">\n\t\t\t\t\t\t\t<div class=\"elementor-icon-wrapper\">\n\t\t\t<div class=\"elementor-icon\">\n\t\t\t\t\t\t\t<i class=\"fa fa-instagram\" aria-hidden=\"true\"><\/i>\n\t\t\t\t\t\t<\/div>\n\t\t<\/div>\n\t\t\t\t\t\t<\/div>\n\t\t\t\t<\/div>\n\t\t\t\t<div class=\"elementor-element elementor-element-44af7b92 elementor-widget elementor-widget-heading\" data-id=\"44af7b92\" data-element_type=\"widget\" data-widget_type=\"heading.default\">\n\t\t\t\t<div class=\"elementor-widget-container\">\n\t\t\t\t\t<h5 class=\"elementor-heading-title elementor-size-large\">Instagram<\/h5>\t\t\t\t<\/div>\n\t\t\t\t<\/div>\n\t\t\t\t\t<\/div>\n\t\t<\/div>\n\t\t\t\t<div class=\"elementor-column elementor-col-25 elementor-inner-column elementor-element elementor-element-76c8fefb elementor-sm-33\" data-id=\"76c8fefb\" data-element_type=\"column\">\n\t\t\t<div class=\"elementor-widget-wrap elementor-element-populated\">\n\t\t\t\t\t\t<div class=\"elementor-element elementor-element-cd094ec elementor-shape-circle elementor-grid-0 e-grid-align-center elementor-widget elementor-widget-social-icons\" data-id=\"cd094ec\" data-element_type=\"widget\" data-widget_type=\"social-icons.default\">\n\t\t\t\t<div class=\"elementor-widget-container\">\n\t\t\t\t\t\t\t<div class=\"elementor-social-icons-wrapper elementor-grid\">\n\t\t\t\t\t\t\t<span class=\"elementor-grid-item\">\n\t\t\t\t\t<a class=\"elementor-icon elementor-social-icon elementor-social-icon-whatsapp elementor-repeater-item-95a3bf7\" href=\"https:\/\/api.whatsapp.com\/send?phone=5541999413553&#038;text=Ol%C3%A1!%20Gostaria%20de%20me%20inscrever%20em%20um%20dos%20cursos.\" target=\"_blank\">\n\t\t\t\t\t\t<span class=\"elementor-screen-only\">Whatsapp<\/span>\n\t\t\t\t\t\t<i aria-hidden=\"true\" class=\"fab fa-whatsapp\"><\/i>\t\t\t\t\t<\/a>\n\t\t\t\t<\/span>\n\t\t\t\t\t<\/div>\n\t\t\t\t\t\t<\/div>\n\t\t\t\t<\/div>\n\t\t\t\t\t<\/div>\n\t\t<\/div>\n\t\t\t\t\t<\/div>\n\t\t<\/section>\n\t\t\t\t\t<\/div>\n\t\t<\/div>\n\t\t\t\t\t<\/div>\n\t\t<\/section>\n\t\t\t\t<section class=\"elementor-section elementor-top-section elementor-element elementor-element-2ba72e7 elementor-section-boxed elementor-section-height-default elementor-section-height-default\" data-id=\"2ba72e7\" data-element_type=\"section\" data-settings=\"{&quot;background_background&quot;:&quot;classic&quot;}\">\n\t\t\t\t\t\t<div class=\"elementor-container elementor-column-gap-default\">\n\t\t\t\t\t<div class=\"elementor-column elementor-col-100 elementor-top-column elementor-element elementor-element-7967c29\" data-id=\"7967c29\" data-element_type=\"column\">\n\t\t\t<div class=\"elementor-widget-wrap elementor-element-populated\">\n\t\t\t\t\t\t<div class=\"elementor-element elementor-element-0c9ee6b elementor-widget elementor-widget-html\" data-id=\"0c9ee6b\" data-element_type=\"widget\" data-widget_type=\"html.default\">\n\t\t\t\t<div class=\"elementor-widget-container\">\n\t\t\t\t\t\n<div class=\"wpcf7 no-js\" id=\"wpcf7-f235-o1\" lang=\"pt-PT\" dir=\"ltr\" data-wpcf7-id=\"235\">\n<div class=\"screen-reader-response\"><p role=\"status\" aria-live=\"polite\" aria-atomic=\"true\"><\/p> <ul><\/ul><\/div>\n<form action=\"\/staging3\/wp-json\/wp\/v2\/pages\/505#wpcf7-f235-o1\" method=\"post\" class=\"wpcf7-form init\" aria-label=\"Formul\u00e1rio de contacto\" novalidate=\"novalidate\" data-status=\"init\">\n<div style=\"display: none;\">\n<input type=\"hidden\" name=\"_wpcf7\" value=\"235\" \/>\n<input type=\"hidden\" name=\"_wpcf7_version\" value=\"6.0.6\" \/>\n<input type=\"hidden\" name=\"_wpcf7_locale\" value=\"pt_PT\" \/>\n<input type=\"hidden\" name=\"_wpcf7_unit_tag\" value=\"wpcf7-f235-o1\" \/>\n<input type=\"hidden\" name=\"_wpcf7_container_post\" value=\"0\" \/>\n<input type=\"hidden\" name=\"_wpcf7_posted_data_hash\" value=\"\" \/>\n<\/div>\n<p><label> Seu nome (obrigat\u00f3rio)<br \/>\n<span class=\"wpcf7-form-control-wrap\" data-name=\"your-name\"><input size=\"40\" maxlength=\"400\" class=\"wpcf7-form-control wpcf7-text wpcf7-validates-as-required\" aria-required=\"true\" aria-invalid=\"false\" value=\"\" type=\"text\" name=\"your-name\" \/><\/span> <\/label>\n<\/p>\n<p><label> Seu email (obrigat\u00f3rio)<br \/>\n<span class=\"wpcf7-form-control-wrap\" data-name=\"your-email\"><input size=\"40\" maxlength=\"400\" class=\"wpcf7-form-control wpcf7-email wpcf7-validates-as-required wpcf7-text wpcf7-validates-as-email\" aria-required=\"true\" aria-invalid=\"false\" value=\"\" type=\"email\" name=\"your-email\" \/><\/span> <\/label>\n<\/p>\n<p><label> Assunto \/ Curso de interesse<br \/>\n<span class=\"wpcf7-form-control-wrap\" data-name=\"your-subject\"><input size=\"40\" maxlength=\"400\" class=\"wpcf7-form-control wpcf7-text\" aria-invalid=\"false\" value=\"\" type=\"text\" name=\"your-subject\" \/><\/span> <\/label>\n<\/p>\n<p><label> A sua mensagem<br \/>\n<span class=\"wpcf7-form-control-wrap\" data-name=\"your-message\"><textarea cols=\"40\" rows=\"10\" maxlength=\"2000\" class=\"wpcf7-form-control wpcf7-textarea\" aria-invalid=\"false\" name=\"your-message\"><\/textarea><\/span> <\/label>\n<\/p>\n<p><input class=\"wpcf7-form-control wpcf7-submit has-spinner\" type=\"submit\" value=\"Enviar\" \/>\n<\/p><div class=\"wpcf7-response-output\" aria-hidden=\"true\"><\/div>\n<\/form>\n<\/div>\n\t\t\t\t<\/div>\n\t\t\t\t<\/div>\n\t\t\t\t\t<\/div>\n\t\t<\/div>\n\t\t\t\t\t<\/div>\n\t\t<\/section>\n\t\t\t\t<\/div>\n\t\t","protected":false},"excerpt":{"rendered":"<p>Contato Preencha o formul\u00e1rio abaixo com a op\u00e7\u00e3o do curso de sua escolha que entraremos em contato. escoladefinancascwb@gmail.com (41) 99941-3553 Rua Gra Nicco, 113, BL01, Sl 404Ecoville, Curitiba,Parana CEP 81200-200 Facebook Instagram Whatsapp<\/p>\n","protected":false},"author":1,"featured_media":0,"parent":0,"menu_order":0,"comment_status":"closed","ping_status":"closed","template":"elementor_header_footer","meta":{"_joinchat":[],"footnotes":""},"class_list":["post-505","page","type-page","status-publish","hentry"],"yoast_head":"<!-- This site is optimized with the Yoast SEO plugin v27.2 - https:\/\/yoast.com\/product\/yoast-seo-wordpress\/ -->\n<title>Contato - Escola de Finan\u00e7as CWB<\/title>\n<meta name=\"robots\" content=\"index, follow, max-snippet:-1, max-image-preview:large, max-video-preview:-1\" \/>\n<link rel=\"canonical\" href=\"https:\/\/escoladefinancascwb.com.br\/staging3\/contato\/\" \/>\n<meta property=\"og:locale\" content=\"pt_PT\" \/>\n<meta property=\"og:type\" content=\"article\" \/>\n<meta property=\"og:title\" content=\"Contato - Escola de Finan\u00e7as CWB\" \/>\n<meta property=\"og:description\" content=\"Contato Preencha o formul\u00e1rio abaixo com a op\u00e7\u00e3o do curso de sua escolha que entraremos em contato. escoladefinancascwb@gmail.com (41) 99941-3553 Rua Gra Nicco, 113, BL01, Sl 404Ecoville, Curitiba,Parana CEP 81200-200 Facebook Instagram Whatsapp\" \/>\n<meta property=\"og:url\" content=\"https:\/\/escoladefinancascwb.com.br\/staging3\/contato\/\" \/>\n<meta property=\"og:site_name\" content=\"Escola de Finan\u00e7as CWB\" \/>\n<meta property=\"article:modified_time\" content=\"2022-07-30T19:02:08+00:00\" \/>\n<meta name=\"twitter:card\" content=\"summary_large_image\" \/>\n<meta name=\"twitter:label1\" content=\"Tempo estimado de leitura\" \/>\n\t<meta name=\"twitter:data1\" content=\"1 minuto\" \/>\n<script type=\"application\/ld+json\" class=\"yoast-schema-graph\">{\"@context\":\"https:\/\/schema.org\",\"@graph\":[{\"@type\":\"WebPage\",\"@id\":\"https:\/\/escoladefinancascwb.com.br\/staging3\/contato\/\",\"url\":\"https:\/\/escoladefinancascwb.com.br\/staging3\/contato\/\",\"name\":\"Contato - Escola de Finan\u00e7as CWB\",\"isPartOf\":{\"@id\":\"https:\/\/escoladefinancascwb.com.br\/staging3\/#website\"},\"datePublished\":\"2019-04-07T12:21:22+00:00\",\"dateModified\":\"2022-07-30T19:02:08+00:00\",\"breadcrumb\":{\"@id\":\"https:\/\/escoladefinancascwb.com.br\/staging3\/contato\/#breadcrumb\"},\"inLanguage\":\"pt-PT\",\"potentialAction\":[{\"@type\":\"ReadAction\",\"target\":[\"https:\/\/escoladefinancascwb.com.br\/staging3\/contato\/\"]}]},{\"@type\":\"BreadcrumbList\",\"@id\":\"https:\/\/escoladefinancascwb.com.br\/staging3\/contato\/#breadcrumb\",\"itemListElement\":[{\"@type\":\"ListItem\",\"position\":1,\"name\":\"In\u00edcio\",\"item\":\"https:\/\/escoladefinancascwb.com.br\/staging3\/\"},{\"@type\":\"ListItem\",\"position\":2,\"name\":\"Contato\"}]},{\"@type\":\"WebSite\",\"@id\":\"https:\/\/escoladefinancascwb.com.br\/staging3\/#website\",\"url\":\"https:\/\/escoladefinancascwb.com.br\/staging3\/\",\"name\":\"Escola de Finan\u00e7as CWB\",\"description\":\"Cursos sobre finan\u00e7as pessoais e investimentos.\",\"publisher\":{\"@id\":\"https:\/\/escoladefinancascwb.com.br\/staging3\/#organization\"},\"potentialAction\":[{\"@type\":\"SearchAction\",\"target\":{\"@type\":\"EntryPoint\",\"urlTemplate\":\"https:\/\/escoladefinancascwb.com.br\/staging3\/?s={search_term_string}\"},\"query-input\":{\"@type\":\"PropertyValueSpecification\",\"valueRequired\":true,\"valueName\":\"search_term_string\"}}],\"inLanguage\":\"pt-PT\"},{\"@type\":\"Organization\",\"@id\":\"https:\/\/escoladefinancascwb.com.br\/staging3\/#organization\",\"name\":\"Escola de Finan\u00e7as CWB\",\"url\":\"https:\/\/escoladefinancascwb.com.br\/staging3\/\",\"logo\":{\"@type\":\"ImageObject\",\"inLanguage\":\"pt-PT\",\"@id\":\"https:\/\/escoladefinancascwb.com.br\/staging3\/#\/schema\/logo\/image\/\",\"url\":\"https:\/\/escoladefinancascwb.com.br\/staging3\/wp-content\/uploads\/2021\/09\/cropped-Parte-Redonda-2.png\",\"contentUrl\":\"https:\/\/escoladefinancascwb.com.br\/staging3\/wp-content\/uploads\/2021\/09\/cropped-Parte-Redonda-2.png\",\"width\":669,\"height\":478,\"caption\":\"Escola de Finan\u00e7as CWB\"},\"image\":{\"@id\":\"https:\/\/escoladefinancascwb.com.br\/staging3\/#\/schema\/logo\/image\/\"}}]}<\/script>\n<!-- \/ Yoast SEO plugin. -->","yoast_head_json":{"title":"Contato - Escola de Finan\u00e7as CWB","robots":{"index":"index","follow":"follow","max-snippet":"max-snippet:-1","max-image-preview":"max-image-preview:large","max-video-preview":"max-video-preview:-1"},"canonical":"https:\/\/escoladefinancascwb.com.br\/staging3\/contato\/","og_locale":"pt_PT","og_type":"article","og_title":"Contato - Escola de Finan\u00e7as CWB","og_description":"Contato Preencha o formul\u00e1rio abaixo com a op\u00e7\u00e3o do curso de sua escolha que entraremos em contato. escoladefinancascwb@gmail.com (41) 99941-3553 Rua Gra Nicco, 113, BL01, Sl 404Ecoville, Curitiba,Parana CEP 81200-200 Facebook Instagram Whatsapp","og_url":"https:\/\/escoladefinancascwb.com.br\/staging3\/contato\/","og_site_name":"Escola de Finan\u00e7as CWB","article_modified_time":"2022-07-30T19:02:08+00:00","twitter_card":"summary_large_image","twitter_misc":{"Tempo estimado de leitura":"1 minuto"},"schema":{"@context":"https:\/\/schema.org","@graph":[{"@type":"WebPage","@id":"https:\/\/escoladefinancascwb.com.br\/staging3\/contato\/","url":"https:\/\/escoladefinancascwb.com.br\/staging3\/contato\/","name":"Contato - Escola de Finan\u00e7as CWB","isPartOf":{"@id":"https:\/\/escoladefinancascwb.com.br\/staging3\/#website"},"datePublished":"2019-04-07T12:21:22+00:00","dateModified":"2022-07-30T19:02:08+00:00","breadcrumb":{"@id":"https:\/\/escoladefinancascwb.com.br\/staging3\/contato\/#breadcrumb"},"inLanguage":"pt-PT","potentialAction":[{"@type":"ReadAction","target":["https:\/\/escoladefinancascwb.com.br\/staging3\/contato\/"]}]},{"@type":"BreadcrumbList","@id":"https:\/\/escoladefinancascwb.com.br\/staging3\/contato\/#breadcrumb","itemListElement":[{"@type":"ListItem","position":1,"name":"In\u00edcio","item":"https:\/\/escoladefinancascwb.com.br\/staging3\/"},{"@type":"ListItem","position":2,"name":"Contato"}]},{"@type":"WebSite","@id":"https:\/\/escoladefinancascwb.com.br\/staging3\/#website","url":"https:\/\/escoladefinancascwb.com.br\/staging3\/","name":"Escola de Finan\u00e7as CWB","description":"Cursos sobre finan\u00e7as pessoais e investimentos.","publisher":{"@id":"https:\/\/escoladefinancascwb.com.br\/staging3\/#organization"},"potentialAction":[{"@type":"SearchAction","target":{"@type":"EntryPoint","urlTemplate":"https:\/\/escoladefinancascwb.com.br\/staging3\/?s={search_term_string}"},"query-input":{"@type":"PropertyValueSpecification","valueRequired":true,"valueName":"search_term_string"}}],"inLanguage":"pt-PT"},{"@type":"Organization","@id":"https:\/\/escoladefinancascwb.com.br\/staging3\/#organization","name":"Escola de Finan\u00e7as CWB","url":"https:\/\/escoladefinancascwb.com.br\/staging3\/","logo":{"@type":"ImageObject","inLanguage":"pt-PT","@id":"https:\/\/escoladefinancascwb.com.br\/staging3\/#\/schema\/logo\/image\/","url":"https:\/\/escoladefinancascwb.com.br\/staging3\/wp-content\/uploads\/2021\/09\/cropped-Parte-Redonda-2.png","contentUrl":"https:\/\/escoladefinancascwb.com.br\/staging3\/wp-content\/uploads\/2021\/09\/cropped-Parte-Redonda-2.png","width":669,"height":478,"caption":"Escola de Finan\u00e7as CWB"},"image":{"@id":"https:\/\/escoladefinancascwb.com.br\/staging3\/#\/schema\/logo\/image\/"}}]}},"_links":{"self":[{"href":"https:\/\/escoladefinancascwb.com.br\/staging3\/wp-json\/wp\/v2\/pages\/505","targetHints":{"allow":["GET"]}}],"collection":[{"href":"https:\/\/escoladefinancascwb.com.br\/staging3\/wp-json\/wp\/v2\/pages"}],"about":[{"href":"https:\/\/escoladefinancascwb.com.br\/staging3\/wp-json\/wp\/v2\/types\/page"}],"author":[{"embeddable":true,"href":"https:\/\/escoladefinancascwb.com.br\/staging3\/wp-json\/wp\/v2\/users\/1"}],"replies":[{"embeddable":true,"href":"https:\/\/escoladefinancascwb.com.br\/staging3\/wp-json\/wp\/v2\/comments?post=505"}],"version-history":[{"count":63,"href":"https:\/\/escoladefinancascwb.com.br\/staging3\/wp-json\/wp\/v2\/pages\/505\/revisions"}],"predecessor-version":[{"id":1883,"href":"https:\/\/escoladefinancascwb.com.br\/staging3\/wp-json\/wp\/v2\/pages\/505\/revisions\/1883"}],"wp:attachment":[{"href":"https:\/\/escoladefinancascwb.com.br\/staging3\/wp-json\/wp\/v2\/media?parent=505"}],"curies":[{"name":"wp","href":"https:\/\/api.w.org\/{rel}","templated":true}]}}