{"id":656,"date":"2019-04-07T18:32:02","date_gmt":"2019-04-07T18:32:02","guid":{"rendered":"https:\/\/escoladefinancascwb.com.br\/staging3\/?page_id=656"},"modified":"2022-07-30T15:16:52","modified_gmt":"2022-07-30T18:16:52","slug":"inscreva-se","status":"publish","type":"page","link":"https:\/\/escoladefinancascwb.com.br\/staging3\/inscreva-se\/","title":{"rendered":"Inscreva-se"},"content":{"rendered":"\t\t<div data-elementor-type=\"wp-page\" data-elementor-id=\"656\" class=\"elementor elementor-656\">\n\t\t\t\t\t\t<section class=\"elementor-section elementor-top-section elementor-element elementor-element-548bc97 elementor-section-boxed elementor-section-height-default elementor-section-height-default\" data-id=\"548bc97\" data-element_type=\"section\" data-settings=\"{&quot;background_background&quot;:&quot;classic&quot;}\">\n\t\t\t\t\t\t<div class=\"elementor-container elementor-column-gap-default\">\n\t\t\t\t\t<div class=\"elementor-column elementor-col-100 elementor-top-column elementor-element elementor-element-f186e2a\" data-id=\"f186e2a\" data-element_type=\"column\">\n\t\t\t<div class=\"elementor-widget-wrap elementor-element-populated\">\n\t\t\t\t\t\t\t<\/div>\n\t\t<\/div>\n\t\t\t\t\t<\/div>\n\t\t<\/section>\n\t\t\t\t<section class=\"elementor-section elementor-top-section elementor-element elementor-element-e7dba34 elementor-section-boxed elementor-section-height-default elementor-section-height-default\" data-id=\"e7dba34\" data-element_type=\"section\" data-settings=\"{&quot;background_background&quot;:&quot;classic&quot;}\">\n\t\t\t\t\t\t<div class=\"elementor-container elementor-column-gap-default\">\n\t\t\t\t\t<div class=\"elementor-column elementor-col-100 elementor-top-column elementor-element elementor-element-8d96808\" data-id=\"8d96808\" data-element_type=\"column\">\n\t\t\t<div class=\"elementor-widget-wrap elementor-element-populated\">\n\t\t\t\t\t\t<section class=\"elementor-section elementor-inner-section elementor-element elementor-element-daf4471 elementor-section-boxed elementor-section-height-default elementor-section-height-default\" data-id=\"daf4471\" data-element_type=\"section\">\n\t\t\t\t\t\t<div class=\"elementor-container elementor-column-gap-default\">\n\t\t\t\t\t<div class=\"elementor-column elementor-col-100 elementor-inner-column elementor-element elementor-element-3ad676b\" data-id=\"3ad676b\" data-element_type=\"column\">\n\t\t\t<div class=\"elementor-widget-wrap\">\n\t\t\t\t\t\t\t<\/div>\n\t\t<\/div>\n\t\t\t\t\t<\/div>\n\t\t<\/section>\n\t\t\t\t\t<\/div>\n\t\t<\/div>\n\t\t\t\t\t<\/div>\n\t\t<\/section>\n\t\t\t\t<section class=\"elementor-section elementor-top-section elementor-element elementor-element-f3a1073 elementor-section-boxed elementor-section-height-default elementor-section-height-default\" data-id=\"f3a1073\" data-element_type=\"section\" data-settings=\"{&quot;background_background&quot;:&quot;classic&quot;}\">\n\t\t\t\t\t\t<div class=\"elementor-container elementor-column-gap-default\">\n\t\t\t\t\t<div class=\"elementor-column elementor-col-100 elementor-top-column elementor-element elementor-element-55699ce\" data-id=\"55699ce\" data-element_type=\"column\">\n\t\t\t<div class=\"elementor-widget-wrap elementor-element-populated\">\n\t\t\t\t\t\t<section class=\"elementor-section elementor-inner-section elementor-element elementor-element-700b13a elementor-section-boxed elementor-section-height-default elementor-section-height-default\" data-id=\"700b13a\" data-element_type=\"section\">\n\t\t\t\t\t\t<div class=\"elementor-container elementor-column-gap-default\">\n\t\t\t\t\t<div class=\"elementor-column elementor-col-50 elementor-inner-column elementor-element elementor-element-18e4976\" data-id=\"18e4976\" data-element_type=\"column\">\n\t\t\t<div class=\"elementor-widget-wrap elementor-element-populated\">\n\t\t\t\t\t\t<div class=\"elementor-element elementor-element-39ad3d6 elementor-widget elementor-widget-image\" data-id=\"39ad3d6\" data-element_type=\"widget\" data-widget_type=\"image.default\">\n\t\t\t\t<div class=\"elementor-widget-container\">\n\t\t\t\t\t\t\t\t\t\t\t\t\t\t\t<img fetchpriority=\"high\" decoding=\"async\" width=\"768\" height=\"403\" src=\"https:\/\/escoladefinancascwb.com.br\/staging3\/wp-content\/uploads\/2019\/04\/analise-tecnica.jpg-768x403.jpg\" class=\"attachment-medium_large size-medium_large wp-image-371\" alt=\"\" srcset=\"https:\/\/escoladefinancascwb.com.br\/staging3\/wp-content\/uploads\/2019\/04\/analise-tecnica.jpg-768x403.jpg 768w, https:\/\/escoladefinancascwb.com.br\/staging3\/wp-content\/uploads\/2019\/04\/analise-tecnica.jpg-600x315.jpg 600w, https:\/\/escoladefinancascwb.com.br\/staging3\/wp-content\/uploads\/2019\/04\/analise-tecnica.jpg-300x158.jpg 300w, https:\/\/escoladefinancascwb.com.br\/staging3\/wp-content\/uploads\/2019\/04\/analise-tecnica.jpg-1024x538.jpg 1024w, https:\/\/escoladefinancascwb.com.br\/staging3\/wp-content\/uploads\/2019\/04\/analise-tecnica.jpg.jpg 1200w\" sizes=\"(max-width: 768px) 100vw, 768px\" \/>\t\t\t\t\t\t\t\t\t\t\t\t\t\t\t<\/div>\n\t\t\t\t<\/div>\n\t\t\t\t<div class=\"elementor-element elementor-element-dabac0e elementor-widget elementor-widget-text-editor\" data-id=\"dabac0e\" data-element_type=\"widget\" data-widget_type=\"text-editor.default\">\n\t\t\t\t<div class=\"elementor-widget-container\">\n\t\t\t\t\t\t\t\t\t<h1><span style=\"color: #000000;\">Introdu\u00e7\u00e3o \u00e0\u00a0Analise T\u00e9cnica<\/span><\/h1><p style=\"text-align: center;\"><span style=\"color: #000000;\">N\u00cdVEL INICIANTE<\/span><\/p><p><span style=\"color: #000000;\">Curso introdut\u00f3rio \u00e0 analise t\u00e9cnica que vai direto ao ponto. Quais os tipos de traders, os principais indicadores, as representa\u00e7\u00f5es gr\u00e1ficas, como montar um trading system e fazer o gerenciamento de risco. Ap\u00f3s a parte te\u00f3rica eh realizada uma parte pratica utilizando um simulador durante o hor\u00e1rio do preg\u00e3o em conta demonstrativa para que os alunos aprendam a operar sem usar recursos pr\u00f3prios antes de efetivamente operarem no mercado.<\/span><\/p><p><span style=\"color: #000000;\">Carga horaria: 8 horas teoria + 06 horas pr\u00e1tica<\/span><\/p><p><span style=\"color: #000000;\">Data: <strong>08\/02\/2022 (7 encontros semanais)<\/strong><\/span><\/p><p><span style=\"color: #000000;\">Hor\u00e1rio: <strong>18h30-20h30<\/strong><\/span><\/p><p><span style=\"color: #000000;\">Valor do Investimento:<strong> R$ <\/strong><\/span><strong style=\"color: #000000;\">987,00<\/strong><span style=\"color: #000000;\">$<\/span><span style=\"color: #000000;\">\u00a0em at\u00e9 10x.<\/span><\/p>\t\t\t\t\t\t\t\t<\/div>\n\t\t\t\t<\/div>\n\t\t\t\t<div class=\"elementor-element elementor-element-e3b6ee4 elementor-widget elementor-widget-text-editor\" data-id=\"e3b6ee4\" data-element_type=\"widget\" data-widget_type=\"text-editor.default\">\n\t\t\t\t<div class=\"elementor-widget-container\">\n\t\t\t\t\t\t\t\t\t<p>ESGOTADO<\/p>\t\t\t\t\t\t\t\t<\/div>\n\t\t\t\t<\/div>\n\t\t\t\t<div class=\"elementor-element elementor-element-433488a elementor-widget elementor-widget-text-editor\" data-id=\"433488a\" data-element_type=\"widget\" data-widget_type=\"text-editor.default\">\n\t\t\t\t<div class=\"elementor-widget-container\">\n\t\t\t\t\t\t\t\t\t<p>Importante:\u00a0A confirma\u00e7\u00e3o da realiza\u00e7\u00e3o do curso est\u00e1 sujeita a qu\u00f3rum.\u00a0No caso de cancelamento, todo e qualquer valor pago a t\u00edtulo de inscri\u00e7\u00e3o ser\u00e1 devolvido, por\u00e9m n\u00e3o nos responsabilizamos por gastos com passagens a\u00e9reas, traslados, hospedagem ou qualquer outra despesa.<\/p><p>Ap\u00f3s a confirma\u00e7\u00e3o do curso, n\u00e3o \u00e9 poss\u00edvel cancelar inscri\u00e7\u00f5es, somente substituir participantes. Para isso, contate-nos pelo e-mail comercial@4traderinvest.com.br.\u00a0Caso n\u00e3o localize sua confirma\u00e7\u00e3o de inscri\u00e7\u00e3o, verifique sua caixa de e-mails (inclusive a pasta anti spam), ou contate-nos: comercial@4traderinvest.com.br ou pelo telefone (41) 99941-3553<\/p>\t\t\t\t\t\t\t\t<\/div>\n\t\t\t\t<\/div>\n\t\t\t\t\t<\/div>\n\t\t<\/div>\n\t\t\t\t<div class=\"elementor-column elementor-col-50 elementor-inner-column elementor-element elementor-element-90d5b4a\" data-id=\"90d5b4a\" data-element_type=\"column\">\n\t\t\t<div class=\"elementor-widget-wrap elementor-element-populated\">\n\t\t\t\t\t\t<div class=\"elementor-element elementor-element-8480365 elementor-widget elementor-widget-image\" data-id=\"8480365\" data-element_type=\"widget\" data-widget_type=\"image.default\">\n\t\t\t\t<div class=\"elementor-widget-container\">\n\t\t\t\t\t\t\t\t\t\t\t\t\t\t\t<img decoding=\"async\" width=\"768\" height=\"384\" src=\"https:\/\/escoladefinancascwb.com.br\/staging3\/wp-content\/uploads\/2019\/04\/Financial-Advisor-questions-1200x600-768x384.jpg\" class=\"attachment-medium_large size-medium_large wp-image-683\" alt=\"\" srcset=\"https:\/\/escoladefinancascwb.com.br\/staging3\/wp-content\/uploads\/2019\/04\/Financial-Advisor-questions-1200x600-768x384.jpg 768w, https:\/\/escoladefinancascwb.com.br\/staging3\/wp-content\/uploads\/2019\/04\/Financial-Advisor-questions-1200x600-300x150.jpg 300w, https:\/\/escoladefinancascwb.com.br\/staging3\/wp-content\/uploads\/2019\/04\/Financial-Advisor-questions-1200x600-1024x512.jpg 1024w, https:\/\/escoladefinancascwb.com.br\/staging3\/wp-content\/uploads\/2019\/04\/Financial-Advisor-questions-1200x600.jpg 1200w\" sizes=\"(max-width: 768px) 100vw, 768px\" \/>\t\t\t\t\t\t\t\t\t\t\t\t\t\t\t<\/div>\n\t\t\t\t<\/div>\n\t\t\t\t<div class=\"elementor-element elementor-element-b0c2861 elementor-widget elementor-widget-text-editor\" data-id=\"b0c2861\" data-element_type=\"widget\" data-widget_type=\"text-editor.default\">\n\t\t\t\t<div class=\"elementor-widget-container\">\n\t\t\t\t\t\t\t\t\t<h1><span style=\"color: #000000;\">Orienta\u00e7\u00e3o individual e personalizada<\/span><\/h1><p>\u00a0<\/p><p style=\"text-align: left;\"><span style=\"color: #000000;\">Se voc\u00ea deseja receber treinamento ou orienta\u00e7\u00e3o individual sobre qualquer tema relativo a finan\u00e7as pessoais e investimentos esta op\u00e7\u00e3o \u00e9 para voc\u00ea. Hor\u00e1rios flex\u00edveis em fun\u00e7\u00e3o da necessidade do aluno.<\/span><\/p><p>\u00a0<\/p><p><span style=\"color: #000000;\">Valor do Investimento: Consulte-nos\u00a0<\/span><\/p>\t\t\t\t\t\t\t\t<\/div>\n\t\t\t\t<\/div>\n\t\t\t\t\t<\/div>\n\t\t<\/div>\n\t\t\t\t\t<\/div>\n\t\t<\/section>\n\t\t\t\t\t<\/div>\n\t\t<\/div>\n\t\t\t\t\t<\/div>\n\t\t<\/section>\n\t\t\t\t<\/div>\n\t\t","protected":false},"excerpt":{"rendered":"<p>Introdu\u00e7\u00e3o \u00e0\u00a0Analise T\u00e9cnica N\u00cdVEL INICIANTE Curso introdut\u00f3rio \u00e0 analise t\u00e9cnica que vai direto ao ponto. Quais os tipos de traders, os principais indicadores, as representa\u00e7\u00f5es gr\u00e1ficas, como montar um trading system e fazer o gerenciamento de risco. Ap\u00f3s a parte te\u00f3rica eh realizada uma parte pratica utilizando um simulador durante o hor\u00e1rio do preg\u00e3o em&hellip; <br \/> <a class=\"read-more\" href=\"https:\/\/escoladefinancascwb.com.br\/staging3\/inscreva-se\/\">Read more<\/a><\/p>\n","protected":false},"author":1,"featured_media":0,"parent":0,"menu_order":0,"comment_status":"closed","ping_status":"closed","template":"template-parts\/template-homepage.php","meta":{"_joinchat":[],"footnotes":""},"class_list":["post-656","page","type-page","status-publish","hentry"],"yoast_head":"<!-- This site is optimized with the Yoast SEO plugin v27.2 - https:\/\/yoast.com\/product\/yoast-seo-wordpress\/ -->\n<title>Inscreva-se - Escola de Finan\u00e7as CWB<\/title>\n<meta name=\"robots\" content=\"index, follow, max-snippet:-1, max-image-preview:large, max-video-preview:-1\" \/>\n<link rel=\"canonical\" href=\"https:\/\/escoladefinancascwb.com.br\/staging3\/inscreva-se\/\" \/>\n<meta property=\"og:locale\" content=\"pt_PT\" \/>\n<meta property=\"og:type\" content=\"article\" \/>\n<meta property=\"og:title\" content=\"Inscreva-se - Escola de Finan\u00e7as CWB\" \/>\n<meta property=\"og:description\" content=\"Introdu\u00e7\u00e3o \u00e0\u00a0Analise T\u00e9cnica N\u00cdVEL INICIANTE Curso introdut\u00f3rio \u00e0 analise t\u00e9cnica que vai direto ao ponto. Quais os tipos de traders, os principais indicadores, as representa\u00e7\u00f5es gr\u00e1ficas, como montar um trading system e fazer o gerenciamento de risco. Ap\u00f3s a parte te\u00f3rica eh realizada uma parte pratica utilizando um simulador durante o hor\u00e1rio do preg\u00e3o em&hellip; Read more\" \/>\n<meta property=\"og:url\" content=\"https:\/\/escoladefinancascwb.com.br\/staging3\/inscreva-se\/\" \/>\n<meta property=\"og:site_name\" content=\"Escola de Finan\u00e7as CWB\" \/>\n<meta property=\"article:modified_time\" content=\"2022-07-30T18:16:52+00:00\" \/>\n<meta property=\"og:image\" content=\"https:\/\/escoladefinancascwb.com.br\/staging3\/wp-content\/uploads\/2019\/04\/analise-tecnica.jpg-768x403.jpg\" \/>\n<meta name=\"twitter:card\" content=\"summary_large_image\" \/>\n<meta name=\"twitter:label1\" content=\"Tempo estimado de leitura\" \/>\n\t<meta name=\"twitter:data1\" content=\"2 minutos\" \/>\n<script type=\"application\/ld+json\" class=\"yoast-schema-graph\">{\"@context\":\"https:\/\/schema.org\",\"@graph\":[{\"@type\":\"WebPage\",\"@id\":\"https:\/\/escoladefinancascwb.com.br\/staging3\/inscreva-se\/\",\"url\":\"https:\/\/escoladefinancascwb.com.br\/staging3\/inscreva-se\/\",\"name\":\"Inscreva-se - Escola de Finan\u00e7as CWB\",\"isPartOf\":{\"@id\":\"https:\/\/escoladefinancascwb.com.br\/staging3\/#website\"},\"primaryImageOfPage\":{\"@id\":\"https:\/\/escoladefinancascwb.com.br\/staging3\/inscreva-se\/#primaryimage\"},\"image\":{\"@id\":\"https:\/\/escoladefinancascwb.com.br\/staging3\/inscreva-se\/#primaryimage\"},\"thumbnailUrl\":\"https:\/\/escoladefinancascwb.com.br\/staging3\/wp-content\/uploads\/2019\/04\/analise-tecnica.jpg-768x403.jpg\",\"datePublished\":\"2019-04-07T18:32:02+00:00\",\"dateModified\":\"2022-07-30T18:16:52+00:00\",\"breadcrumb\":{\"@id\":\"https:\/\/escoladefinancascwb.com.br\/staging3\/inscreva-se\/#breadcrumb\"},\"inLanguage\":\"pt-PT\",\"potentialAction\":[{\"@type\":\"ReadAction\",\"target\":[\"https:\/\/escoladefinancascwb.com.br\/staging3\/inscreva-se\/\"]}]},{\"@type\":\"ImageObject\",\"inLanguage\":\"pt-PT\",\"@id\":\"https:\/\/escoladefinancascwb.com.br\/staging3\/inscreva-se\/#primaryimage\",\"url\":\"https:\/\/escoladefinancascwb.com.br\/staging3\/wp-content\/uploads\/2019\/04\/analise-tecnica.jpg.jpg\",\"contentUrl\":\"https:\/\/escoladefinancascwb.com.br\/staging3\/wp-content\/uploads\/2019\/04\/analise-tecnica.jpg.jpg\",\"width\":1200,\"height\":630},{\"@type\":\"BreadcrumbList\",\"@id\":\"https:\/\/escoladefinancascwb.com.br\/staging3\/inscreva-se\/#breadcrumb\",\"itemListElement\":[{\"@type\":\"ListItem\",\"position\":1,\"name\":\"In\u00edcio\",\"item\":\"https:\/\/escoladefinancascwb.com.br\/staging3\/\"},{\"@type\":\"ListItem\",\"position\":2,\"name\":\"Inscreva-se\"}]},{\"@type\":\"WebSite\",\"@id\":\"https:\/\/escoladefinancascwb.com.br\/staging3\/#website\",\"url\":\"https:\/\/escoladefinancascwb.com.br\/staging3\/\",\"name\":\"Escola de Finan\u00e7as CWB\",\"description\":\"Cursos sobre finan\u00e7as pessoais e investimentos.\",\"publisher\":{\"@id\":\"https:\/\/escoladefinancascwb.com.br\/staging3\/#organization\"},\"potentialAction\":[{\"@type\":\"SearchAction\",\"target\":{\"@type\":\"EntryPoint\",\"urlTemplate\":\"https:\/\/escoladefinancascwb.com.br\/staging3\/?s={search_term_string}\"},\"query-input\":{\"@type\":\"PropertyValueSpecification\",\"valueRequired\":true,\"valueName\":\"search_term_string\"}}],\"inLanguage\":\"pt-PT\"},{\"@type\":\"Organization\",\"@id\":\"https:\/\/escoladefinancascwb.com.br\/staging3\/#organization\",\"name\":\"Escola de Finan\u00e7as CWB\",\"url\":\"https:\/\/escoladefinancascwb.com.br\/staging3\/\",\"logo\":{\"@type\":\"ImageObject\",\"inLanguage\":\"pt-PT\",\"@id\":\"https:\/\/escoladefinancascwb.com.br\/staging3\/#\/schema\/logo\/image\/\",\"url\":\"https:\/\/escoladefinancascwb.com.br\/staging3\/wp-content\/uploads\/2021\/09\/cropped-Parte-Redonda-2.png\",\"contentUrl\":\"https:\/\/escoladefinancascwb.com.br\/staging3\/wp-content\/uploads\/2021\/09\/cropped-Parte-Redonda-2.png\",\"width\":669,\"height\":478,\"caption\":\"Escola de Finan\u00e7as CWB\"},\"image\":{\"@id\":\"https:\/\/escoladefinancascwb.com.br\/staging3\/#\/schema\/logo\/image\/\"}}]}<\/script>\n<!-- \/ Yoast SEO plugin. -->","yoast_head_json":{"title":"Inscreva-se - Escola de Finan\u00e7as CWB","robots":{"index":"index","follow":"follow","max-snippet":"max-snippet:-1","max-image-preview":"max-image-preview:large","max-video-preview":"max-video-preview:-1"},"canonical":"https:\/\/escoladefinancascwb.com.br\/staging3\/inscreva-se\/","og_locale":"pt_PT","og_type":"article","og_title":"Inscreva-se - Escola de Finan\u00e7as CWB","og_description":"Introdu\u00e7\u00e3o \u00e0\u00a0Analise T\u00e9cnica N\u00cdVEL INICIANTE Curso introdut\u00f3rio \u00e0 analise t\u00e9cnica que vai direto ao ponto. Quais os tipos de traders, os principais indicadores, as representa\u00e7\u00f5es gr\u00e1ficas, como montar um trading system e fazer o gerenciamento de risco. Ap\u00f3s a parte te\u00f3rica eh realizada uma parte pratica utilizando um simulador durante o hor\u00e1rio do preg\u00e3o em&hellip; Read more","og_url":"https:\/\/escoladefinancascwb.com.br\/staging3\/inscreva-se\/","og_site_name":"Escola de Finan\u00e7as CWB","article_modified_time":"2022-07-30T18:16:52+00:00","og_image":[{"url":"https:\/\/escoladefinancascwb.com.br\/staging3\/wp-content\/uploads\/2019\/04\/analise-tecnica.jpg-768x403.jpg","type":"","width":"","height":""}],"twitter_card":"summary_large_image","twitter_misc":{"Tempo estimado de leitura":"2 minutos"},"schema":{"@context":"https:\/\/schema.org","@graph":[{"@type":"WebPage","@id":"https:\/\/escoladefinancascwb.com.br\/staging3\/inscreva-se\/","url":"https:\/\/escoladefinancascwb.com.br\/staging3\/inscreva-se\/","name":"Inscreva-se - Escola de Finan\u00e7as CWB","isPartOf":{"@id":"https:\/\/escoladefinancascwb.com.br\/staging3\/#website"},"primaryImageOfPage":{"@id":"https:\/\/escoladefinancascwb.com.br\/staging3\/inscreva-se\/#primaryimage"},"image":{"@id":"https:\/\/escoladefinancascwb.com.br\/staging3\/inscreva-se\/#primaryimage"},"thumbnailUrl":"https:\/\/escoladefinancascwb.com.br\/staging3\/wp-content\/uploads\/2019\/04\/analise-tecnica.jpg-768x403.jpg","datePublished":"2019-04-07T18:32:02+00:00","dateModified":"2022-07-30T18:16:52+00:00","breadcrumb":{"@id":"https:\/\/escoladefinancascwb.com.br\/staging3\/inscreva-se\/#breadcrumb"},"inLanguage":"pt-PT","potentialAction":[{"@type":"ReadAction","target":["https:\/\/escoladefinancascwb.com.br\/staging3\/inscreva-se\/"]}]},{"@type":"ImageObject","inLanguage":"pt-PT","@id":"https:\/\/escoladefinancascwb.com.br\/staging3\/inscreva-se\/#primaryimage","url":"https:\/\/escoladefinancascwb.com.br\/staging3\/wp-content\/uploads\/2019\/04\/analise-tecnica.jpg.jpg","contentUrl":"https:\/\/escoladefinancascwb.com.br\/staging3\/wp-content\/uploads\/2019\/04\/analise-tecnica.jpg.jpg","width":1200,"height":630},{"@type":"BreadcrumbList","@id":"https:\/\/escoladefinancascwb.com.br\/staging3\/inscreva-se\/#breadcrumb","itemListElement":[{"@type":"ListItem","position":1,"name":"In\u00edcio","item":"https:\/\/escoladefinancascwb.com.br\/staging3\/"},{"@type":"ListItem","position":2,"name":"Inscreva-se"}]},{"@type":"WebSite","@id":"https:\/\/escoladefinancascwb.com.br\/staging3\/#website","url":"https:\/\/escoladefinancascwb.com.br\/staging3\/","name":"Escola de Finan\u00e7as CWB","description":"Cursos sobre finan\u00e7as pessoais e investimentos.","publisher":{"@id":"https:\/\/escoladefinancascwb.com.br\/staging3\/#organization"},"potentialAction":[{"@type":"SearchAction","target":{"@type":"EntryPoint","urlTemplate":"https:\/\/escoladefinancascwb.com.br\/staging3\/?s={search_term_string}"},"query-input":{"@type":"PropertyValueSpecification","valueRequired":true,"valueName":"search_term_string"}}],"inLanguage":"pt-PT"},{"@type":"Organization","@id":"https:\/\/escoladefinancascwb.com.br\/staging3\/#organization","name":"Escola de Finan\u00e7as CWB","url":"https:\/\/escoladefinancascwb.com.br\/staging3\/","logo":{"@type":"ImageObject","inLanguage":"pt-PT","@id":"https:\/\/escoladefinancascwb.com.br\/staging3\/#\/schema\/logo\/image\/","url":"https:\/\/escoladefinancascwb.com.br\/staging3\/wp-content\/uploads\/2021\/09\/cropped-Parte-Redonda-2.png","contentUrl":"https:\/\/escoladefinancascwb.com.br\/staging3\/wp-content\/uploads\/2021\/09\/cropped-Parte-Redonda-2.png","width":669,"height":478,"caption":"Escola de Finan\u00e7as CWB"},"image":{"@id":"https:\/\/escoladefinancascwb.com.br\/staging3\/#\/schema\/logo\/image\/"}}]}},"_links":{"self":[{"href":"https:\/\/escoladefinancascwb.com.br\/staging3\/wp-json\/wp\/v2\/pages\/656","targetHints":{"allow":["GET"]}}],"collection":[{"href":"https:\/\/escoladefinancascwb.com.br\/staging3\/wp-json\/wp\/v2\/pages"}],"about":[{"href":"https:\/\/escoladefinancascwb.com.br\/staging3\/wp-json\/wp\/v2\/types\/page"}],"author":[{"embeddable":true,"href":"https:\/\/escoladefinancascwb.com.br\/staging3\/wp-json\/wp\/v2\/users\/1"}],"replies":[{"embeddable":true,"href":"https:\/\/escoladefinancascwb.com.br\/staging3\/wp-json\/wp\/v2\/comments?post=656"}],"version-history":[{"count":188,"href":"https:\/\/escoladefinancascwb.com.br\/staging3\/wp-json\/wp\/v2\/pages\/656\/revisions"}],"predecessor-version":[{"id":1866,"href":"https:\/\/escoladefinancascwb.com.br\/staging3\/wp-json\/wp\/v2\/pages\/656\/revisions\/1866"}],"wp:attachment":[{"href":"https:\/\/escoladefinancascwb.com.br\/staging3\/wp-json\/wp\/v2\/media?parent=656"}],"curies":[{"name":"wp","href":"https:\/\/api.w.org\/{rel}","templated":true}]}}